{"id":295069,"date":"2024-07-24T10:46:07","date_gmt":"2024-07-24T08:46:07","guid":{"rendered":"https:\/\/energylandia.pl\/?page_id=295069"},"modified":"2026-04-10T08:42:20","modified_gmt":"2026-04-10T06:42:20","slug":"cestovni-kancelare-a-hotely","status":"publish","type":"page","link":"https:\/\/energylandia.pl\/cs\/cenik\/cestovni-kancelare-a-hotely\/","title":{"rendered":"Cestovn\u00ed kancel\u00e1\u0159e a hotely"},"content":{"rendered":"<p><img decoding=\"async\" class=\"alignnone wp-image-103129 size-full\" src=\"https:\/\/energylandia.pl\/wp-content\/uploads\/2024\/06\/biura_podrozy_hotele_cz.jpg\" alt=\"\" width=\"1920\" height=\"900\" \/><\/p>\n<hr \/>\n<h4 style=\"text-align: center;\"><strong>Majitele cestovn\u00edch kancel\u00e1\u0159\u00ed, hotel\u016f, ubytovac\u00edch za\u0159\u00edzen\u00ed a turistick\u00fdch st\u0159edisek srde\u010dn\u011b zveme ke spolupr\u00e1ci.<\/strong><\/h4>\n<hr \/>\n<p>Navrhujeme v\u00e1m podepsat <strong>agenturn\u00ed smlouvu<\/strong> na prodej vstupenek do Energylandie.<br \/>\nV\u00fdhody podpisu agenturn\u00ed smlouvy:<\/p>\n<ul>\n<li>Spolupr\u00e1ce s parkem horsk\u00fdch drah \u010d. 1 na sv\u011bt\u011b (podle rcdb.com)<\/li>\n<li>obohacen\u00ed va\u0161\u00ed nab\u00eddky<\/li>\n<li>prodej vstupenek do parku za speci\u00e1ln\u00ed ceny pro va\u0161e hosty<\/li>\n<li>Dny otev\u0159en\u00fdch dve\u0159\u00ed pro partnery po podpisu smlouvy obdr\u017e\u00edte p\u0159\u00edstup do partnersk\u00e9ho panelu, kter\u00fd umo\u017e\u0148uje okam\u017eit\u00fd n\u00e1kup vstupenek kdykoli a nezbytn\u00e9 materi\u00e1ly pro propagaci parku.<\/li>\n<\/ul>\n<hr \/>\n","protected":false},"excerpt":{"rendered":"<p>Majitele cestovn\u00edch kancel\u00e1\u0159\u00ed, hotel\u016f, ubytovac\u00edch za\u0159\u00edzen\u00ed a turistick\u00fdch st\u0159edisek srde\u010dn\u011b zveme ke spolupr\u00e1ci. Navrhujeme v\u00e1m podepsat agenturn\u00ed smlouvu na prodej vstupenek do Energylandie. V\u00fdhody podpisu agenturn\u00ed smlouvy: Spolupr\u00e1ce s parkem horsk\u00fdch drah \u010d. 1 na sv\u011bt\u011b (podle rcdb.com) obohacen\u00ed va\u0161\u00ed nab\u00eddky prodej vstupenek do parku za speci\u00e1ln\u00ed ceny pro va\u0161e hosty Dny otev\u0159en\u00fdch dve\u0159\u00ed pro [&hellip;]<\/p>\n","protected":false},"author":27,"featured_media":0,"parent":13791,"menu_order":432,"comment_status":"closed","ping_status":"closed","template":"templates\/bilet-single-hotele.php","meta":{"footnotes":""},"class_list":["post-295069","page","type-page","status-publish","hentry"],"acf":[],"yoast_head":"<!-- This site is optimized with the Yoast SEO plugin v20.9 - https:\/\/yoast.com\/wordpress\/plugins\/seo\/ -->\n<title>Cestovn\u00ed kancel\u00e1\u0159e a hotely - ENERGYLANDIA - Rodzinny Park Rozrywki w Zatorze<\/title>\n<meta name=\"robots\" content=\"index, follow, max-snippet:-1, max-image-preview:large, max-video-preview:-1\" \/>\n<meta property=\"og:locale\" content=\"cs_CZ\" \/>\n<meta property=\"og:type\" content=\"article\" \/>\n<meta property=\"og:title\" content=\"Cestovn\u00ed kancel\u00e1\u0159e a hotely - ENERGYLANDIA - Rodzinny Park Rozrywki w Zatorze\" \/>\n<meta property=\"og:description\" content=\"Majitele cestovn\u00edch kancel\u00e1\u0159\u00ed, hotel\u016f, ubytovac\u00edch za\u0159\u00edzen\u00ed a turistick\u00fdch st\u0159edisek srde\u010dn\u011b zveme ke spolupr\u00e1ci. Navrhujeme v\u00e1m podepsat agenturn\u00ed smlouvu na prodej vstupenek do Energylandie. V\u00fdhody podpisu agenturn\u00ed smlouvy: Spolupr\u00e1ce s parkem horsk\u00fdch drah \u010d. 1 na sv\u011bt\u011b (podle rcdb.com) obohacen\u00ed va\u0161\u00ed nab\u00eddky prodej vstupenek do parku za speci\u00e1ln\u00ed ceny pro va\u0161e hosty Dny otev\u0159en\u00fdch dve\u0159\u00ed pro [&hellip;]\" \/>\n<meta property=\"og:url\" content=\"https:\/\/energylandia.pl\/cs\/cenik\/cestovni-kancelare-a-hotely\/\" \/>\n<meta property=\"og:site_name\" content=\"ENERGYLANDIA - Rodzinny Park Rozrywki w Zatorze\" \/>\n<meta property=\"article:publisher\" content=\"https:\/\/www.facebook.com\/EnergyLandia\" \/>\n<meta property=\"article:modified_time\" content=\"2026-04-10T06:42:20+00:00\" \/>\n<meta property=\"og:image\" content=\"https:\/\/energylandia.pl\/wp-content\/uploads\/2024\/06\/biura_podrozy_hotele_cz.jpg\" \/>\n<meta name=\"twitter:card\" content=\"summary_large_image\" \/>\n<meta name=\"twitter:label1\" content=\"Odhadovan\u00e1 doba \u010dten\u00ed\" \/>\n\t<meta name=\"twitter:data1\" content=\"1 minuta\" \/>\n<script type=\"application\/ld+json\" class=\"yoast-schema-graph\">{\"@context\":\"https:\/\/schema.org\",\"@graph\":[{\"@type\":\"WebPage\",\"@id\":\"https:\/\/energylandia.pl\/cs\/cenik\/cestovni-kancelare-a-hotely\/\",\"url\":\"https:\/\/energylandia.pl\/cs\/cenik\/cestovni-kancelare-a-hotely\/\",\"name\":\"Cestovn\u00ed kancel\u00e1\u0159e a hotely - ENERGYLANDIA - Rodzinny Park Rozrywki w Zatorze\",\"isPartOf\":{\"@id\":\"https:\/\/energylandia.pl\/#website\"},\"datePublished\":\"2024-07-24T08:46:07+00:00\",\"dateModified\":\"2026-04-10T06:42:20+00:00\",\"breadcrumb\":{\"@id\":\"https:\/\/energylandia.pl\/cs\/cenik\/cestovni-kancelare-a-hotely\/#breadcrumb\"},\"inLanguage\":\"cs\",\"potentialAction\":[{\"@type\":\"ReadAction\",\"target\":[\"https:\/\/energylandia.pl\/cs\/cenik\/cestovni-kancelare-a-hotely\/\"]}]},{\"@type\":\"BreadcrumbList\",\"@id\":\"https:\/\/energylandia.pl\/cs\/cenik\/cestovni-kancelare-a-hotely\/#breadcrumb\",\"itemListElement\":[{\"@type\":\"ListItem\",\"position\":1,\"name\":\"Strona g\u0142\u00f3wna\",\"item\":\"https:\/\/energylandia.pl\/cs\/\"},{\"@type\":\"ListItem\",\"position\":2,\"name\":\"Cen\u00edk\",\"item\":\"https:\/\/energylandia.pl\/cs\/cenik\/\"},{\"@type\":\"ListItem\",\"position\":3,\"name\":\"Cestovn\u00ed kancel\u00e1\u0159e a hotely\"}]},{\"@type\":\"WebSite\",\"@id\":\"https:\/\/energylandia.pl\/#website\",\"url\":\"https:\/\/energylandia.pl\/\",\"name\":\"ENERGYLANDIA - Rodzinny Park Rozrywki w Zatorze\",\"description\":\"ENERGYLANDIA - najwi\u0119kszy rodzinny Park Rozrywki w Polsce!\",\"publisher\":{\"@id\":\"https:\/\/energylandia.pl\/#organization\"},\"potentialAction\":[{\"@type\":\"SearchAction\",\"target\":{\"@type\":\"EntryPoint\",\"urlTemplate\":\"https:\/\/energylandia.pl\/?s={search_term_string}\"},\"query-input\":\"required name=search_term_string\"}],\"inLanguage\":\"cs\"},{\"@type\":\"Organization\",\"@id\":\"https:\/\/energylandia.pl\/#organization\",\"name\":\"Energylandia\",\"url\":\"https:\/\/energylandia.pl\/\",\"logo\":{\"@type\":\"ImageObject\",\"inLanguage\":\"cs\",\"@id\":\"https:\/\/energylandia.pl\/#\/schema\/logo\/image\/\",\"url\":\"\",\"contentUrl\":\"\",\"caption\":\"Energylandia\"},\"image\":{\"@id\":\"https:\/\/energylandia.pl\/#\/schema\/logo\/image\/\"},\"sameAs\":[\"https:\/\/www.facebook.com\/EnergyLandia\",\"https:\/\/www.youtube.com\/channel\/UCPj-Bs4Pfub_Bm04BOfyDoA\",\"https:\/\/vm.tiktok.com\/Tw7YAK\/\"]}]}<\/script>\n<!-- \/ Yoast SEO plugin. -->","yoast_head_json":{"title":"Cestovn\u00ed kancel\u00e1\u0159e a hotely - ENERGYLANDIA - Rodzinny Park Rozrywki w Zatorze","robots":{"index":"index","follow":"follow","max-snippet":"max-snippet:-1","max-image-preview":"max-image-preview:large","max-video-preview":"max-video-preview:-1"},"og_locale":"cs_CZ","og_type":"article","og_title":"Cestovn\u00ed kancel\u00e1\u0159e a hotely - ENERGYLANDIA - Rodzinny Park Rozrywki w Zatorze","og_description":"Majitele cestovn\u00edch kancel\u00e1\u0159\u00ed, hotel\u016f, ubytovac\u00edch za\u0159\u00edzen\u00ed a turistick\u00fdch st\u0159edisek srde\u010dn\u011b zveme ke spolupr\u00e1ci. Navrhujeme v\u00e1m podepsat agenturn\u00ed smlouvu na prodej vstupenek do Energylandie. V\u00fdhody podpisu agenturn\u00ed smlouvy: Spolupr\u00e1ce s parkem horsk\u00fdch drah \u010d. 1 na sv\u011bt\u011b (podle rcdb.com) obohacen\u00ed va\u0161\u00ed nab\u00eddky prodej vstupenek do parku za speci\u00e1ln\u00ed ceny pro va\u0161e hosty Dny otev\u0159en\u00fdch dve\u0159\u00ed pro [&hellip;]","og_url":"https:\/\/energylandia.pl\/cs\/cenik\/cestovni-kancelare-a-hotely\/","og_site_name":"ENERGYLANDIA - Rodzinny Park Rozrywki w Zatorze","article_publisher":"https:\/\/www.facebook.com\/EnergyLandia","article_modified_time":"2026-04-10T06:42:20+00:00","og_image":[{"url":"https:\/\/energylandia.pl\/wp-content\/uploads\/2024\/06\/biura_podrozy_hotele_cz.jpg"}],"twitter_card":"summary_large_image","twitter_misc":{"Odhadovan\u00e1 doba \u010dten\u00ed":"1 minuta"},"schema":{"@context":"https:\/\/schema.org","@graph":[{"@type":"WebPage","@id":"https:\/\/energylandia.pl\/cs\/cenik\/cestovni-kancelare-a-hotely\/","url":"https:\/\/energylandia.pl\/cs\/cenik\/cestovni-kancelare-a-hotely\/","name":"Cestovn\u00ed kancel\u00e1\u0159e a hotely - ENERGYLANDIA - Rodzinny Park Rozrywki w Zatorze","isPartOf":{"@id":"https:\/\/energylandia.pl\/#website"},"datePublished":"2024-07-24T08:46:07+00:00","dateModified":"2026-04-10T06:42:20+00:00","breadcrumb":{"@id":"https:\/\/energylandia.pl\/cs\/cenik\/cestovni-kancelare-a-hotely\/#breadcrumb"},"inLanguage":"cs","potentialAction":[{"@type":"ReadAction","target":["https:\/\/energylandia.pl\/cs\/cenik\/cestovni-kancelare-a-hotely\/"]}]},{"@type":"BreadcrumbList","@id":"https:\/\/energylandia.pl\/cs\/cenik\/cestovni-kancelare-a-hotely\/#breadcrumb","itemListElement":[{"@type":"ListItem","position":1,"name":"Strona g\u0142\u00f3wna","item":"https:\/\/energylandia.pl\/cs\/"},{"@type":"ListItem","position":2,"name":"Cen\u00edk","item":"https:\/\/energylandia.pl\/cs\/cenik\/"},{"@type":"ListItem","position":3,"name":"Cestovn\u00ed kancel\u00e1\u0159e a hotely"}]},{"@type":"WebSite","@id":"https:\/\/energylandia.pl\/#website","url":"https:\/\/energylandia.pl\/","name":"ENERGYLANDIA - Rodzinny Park Rozrywki w Zatorze","description":"ENERGYLANDIA - najwi\u0119kszy rodzinny Park Rozrywki w Polsce!","publisher":{"@id":"https:\/\/energylandia.pl\/#organization"},"potentialAction":[{"@type":"SearchAction","target":{"@type":"EntryPoint","urlTemplate":"https:\/\/energylandia.pl\/?s={search_term_string}"},"query-input":"required name=search_term_string"}],"inLanguage":"cs"},{"@type":"Organization","@id":"https:\/\/energylandia.pl\/#organization","name":"Energylandia","url":"https:\/\/energylandia.pl\/","logo":{"@type":"ImageObject","inLanguage":"cs","@id":"https:\/\/energylandia.pl\/#\/schema\/logo\/image\/","url":"","contentUrl":"","caption":"Energylandia"},"image":{"@id":"https:\/\/energylandia.pl\/#\/schema\/logo\/image\/"},"sameAs":["https:\/\/www.facebook.com\/EnergyLandia","https:\/\/www.youtube.com\/channel\/UCPj-Bs4Pfub_Bm04BOfyDoA","https:\/\/vm.tiktok.com\/Tw7YAK\/"]}]}},"_links":{"self":[{"href":"https:\/\/energylandia.pl\/cs\/wp-json\/wp\/v2\/pages\/295069","targetHints":{"allow":["GET"]}}],"collection":[{"href":"https:\/\/energylandia.pl\/cs\/wp-json\/wp\/v2\/pages"}],"about":[{"href":"https:\/\/energylandia.pl\/cs\/wp-json\/wp\/v2\/types\/page"}],"author":[{"embeddable":true,"href":"https:\/\/energylandia.pl\/cs\/wp-json\/wp\/v2\/users\/27"}],"replies":[{"embeddable":true,"href":"https:\/\/energylandia.pl\/cs\/wp-json\/wp\/v2\/comments?post=295069"}],"version-history":[{"count":4,"href":"https:\/\/energylandia.pl\/cs\/wp-json\/wp\/v2\/pages\/295069\/revisions"}],"predecessor-version":[{"id":313183,"href":"https:\/\/energylandia.pl\/cs\/wp-json\/wp\/v2\/pages\/295069\/revisions\/313183"}],"up":[{"embeddable":true,"href":"https:\/\/energylandia.pl\/cs\/wp-json\/wp\/v2\/pages\/13791"}],"wp:attachment":[{"href":"https:\/\/energylandia.pl\/cs\/wp-json\/wp\/v2\/media?parent=295069"}],"curies":[{"name":"wp","href":"https:\/\/api.w.org\/{rel}","templated":true}]}}