{"id":28782,"date":"2018-03-05T14:09:32","date_gmt":"2018-03-05T13:09:32","guid":{"rendered":"https:\/\/energylandia.pl\/cs\/cenik\/szkoly\/"},"modified":"2026-02-23T15:39:27","modified_gmt":"2026-02-23T14:39:27","slug":"skolni-zajezdy","status":"publish","type":"page","link":"https:\/\/energylandia.pl\/cs\/cenik\/skolni-zajezdy\/","title":{"rendered":"\u0160koln\u00ed z\u00e1jezdy"},"content":{"rendered":"<ul>\n<li>1 pr\u016fvodce pro 10 osob za poplatek 1 PLN<\/li>\n<li>K\u00e1va nebo \u010daj pro pr\u016fvodce skupin ZDARMA<\/li>\n<li>\u0158idi\u010d autobusu ZDARMA<\/li>\n<li>Skupiny za\u010d\u00ednaj\u00ed od 15 \u00fa\u010dastn\u00edk\u016f<\/li>\n<li>Vstupenka zahrnuje v\u0161echny atrakce z\u00e1bavn\u00edho parku Energyland: pou\u0165ov\u00e9 atrakce (nap\u0159. horsk\u00e9 dr\u00e1hy, koloto\u010de, pou\u0165ov\u00e9 atrakce pro d\u011bti), vstup na p\u0159edstaven\u00ed a vzd\u011bl\u00e1vac\u00ed prezentace, kino, vodn\u00ed park a Tropical Fun<\/li>\n<li>Stejn\u011b jako ve v\u0161ech ostatn\u00edch z\u00e1bavn\u00edch parc\u00edch na sv\u011bt\u011b jsou n\u00e1sleduj\u00edc\u00ed atrakce za p\u0159\u00edplatek: stravovac\u00ed za\u0159\u00edzen\u00ed, ark\u00e1dov\u00e9 hry, n\u011bkter\u00e9 servisn\u00ed body (fotobudka, malov\u00e1n\u00ed na obli\u010dej, tetov\u00e1n\u00ed atd.) a zbo\u017e\u00ed prod\u00e1van\u00e9 v obchodech nach\u00e1zej\u00edc\u00edch se v are\u00e1lu parku.<\/li>\n<\/ul>\n<hr \/>\n","protected":false},"excerpt":{"rendered":"<p>1 pr\u016fvodce pro 10 osob za poplatek 1 PLN K\u00e1va nebo \u010daj pro pr\u016fvodce skupin ZDARMA \u0158idi\u010d autobusu ZDARMA Skupiny za\u010d\u00ednaj\u00ed od 15 \u00fa\u010dastn\u00edk\u016f Vstupenka zahrnuje v\u0161echny atrakce z\u00e1bavn\u00edho parku Energyland: pou\u0165ov\u00e9 atrakce (nap\u0159. horsk\u00e9 dr\u00e1hy, koloto\u010de, pou\u0165ov\u00e9 atrakce pro d\u011bti), vstup na p\u0159edstaven\u00ed a vzd\u011bl\u00e1vac\u00ed prezentace, kino, vodn\u00ed park a Tropical Fun Stejn\u011b jako [&hellip;]<\/p>\n","protected":false},"author":26,"featured_media":0,"parent":13791,"menu_order":405,"comment_status":"closed","ping_status":"closed","template":"templates\/bilet-single-szkoly.php","meta":{"footnotes":""},"class_list":["post-28782","page","type-page","status-publish","hentry"],"acf":[],"yoast_head":"<!-- This site is optimized with the Yoast SEO plugin v20.9 - https:\/\/yoast.com\/wordpress\/plugins\/seo\/ -->\n<title>\u0160koln\u00ed z\u00e1jezdy - ENERGYLANDIA - Rodzinny Park Rozrywki w Zatorze<\/title>\n<meta name=\"robots\" content=\"index, follow, max-snippet:-1, max-image-preview:large, max-video-preview:-1\" \/>\n<meta property=\"og:locale\" content=\"cs_CZ\" \/>\n<meta property=\"og:type\" content=\"article\" \/>\n<meta property=\"og:title\" content=\"\u0160koln\u00ed z\u00e1jezdy - ENERGYLANDIA - Rodzinny Park Rozrywki w Zatorze\" \/>\n<meta property=\"og:description\" content=\"1 pr\u016fvodce pro 10 osob za poplatek 1 PLN K\u00e1va nebo \u010daj pro pr\u016fvodce skupin ZDARMA \u0158idi\u010d autobusu ZDARMA Skupiny za\u010d\u00ednaj\u00ed od 15 \u00fa\u010dastn\u00edk\u016f Vstupenka zahrnuje v\u0161echny atrakce z\u00e1bavn\u00edho parku Energyland: pou\u0165ov\u00e9 atrakce (nap\u0159. horsk\u00e9 dr\u00e1hy, koloto\u010de, pou\u0165ov\u00e9 atrakce pro d\u011bti), vstup na p\u0159edstaven\u00ed a vzd\u011bl\u00e1vac\u00ed prezentace, kino, vodn\u00ed park a Tropical Fun Stejn\u011b jako [&hellip;]\" \/>\n<meta property=\"og:url\" content=\"https:\/\/energylandia.pl\/cs\/cenik\/skolni-zajezdy\/\" \/>\n<meta property=\"og:site_name\" content=\"ENERGYLANDIA - Rodzinny Park Rozrywki w Zatorze\" \/>\n<meta property=\"article:publisher\" content=\"https:\/\/www.facebook.com\/EnergyLandia\" \/>\n<meta property=\"article:modified_time\" content=\"2026-02-23T14:39:27+00:00\" \/>\n<meta name=\"twitter:card\" content=\"summary_large_image\" \/>\n<meta name=\"twitter:label1\" content=\"Odhadovan\u00e1 doba \u010dten\u00ed\" \/>\n\t<meta name=\"twitter:data1\" content=\"1 minuta\" \/>\n<script type=\"application\/ld+json\" class=\"yoast-schema-graph\">{\"@context\":\"https:\/\/schema.org\",\"@graph\":[{\"@type\":\"WebPage\",\"@id\":\"https:\/\/energylandia.pl\/cs\/cenik\/skolni-zajezdy\/\",\"url\":\"https:\/\/energylandia.pl\/cs\/cenik\/skolni-zajezdy\/\",\"name\":\"\u0160koln\u00ed z\u00e1jezdy - ENERGYLANDIA - Rodzinny Park Rozrywki w Zatorze\",\"isPartOf\":{\"@id\":\"https:\/\/energylandia.pl\/#website\"},\"datePublished\":\"2018-03-05T13:09:32+00:00\",\"dateModified\":\"2026-02-23T14:39:27+00:00\",\"breadcrumb\":{\"@id\":\"https:\/\/energylandia.pl\/cs\/cenik\/skolni-zajezdy\/#breadcrumb\"},\"inLanguage\":\"cs\",\"potentialAction\":[{\"@type\":\"ReadAction\",\"target\":[\"https:\/\/energylandia.pl\/cs\/cenik\/skolni-zajezdy\/\"]}]},{\"@type\":\"BreadcrumbList\",\"@id\":\"https:\/\/energylandia.pl\/cs\/cenik\/skolni-zajezdy\/#breadcrumb\",\"itemListElement\":[{\"@type\":\"ListItem\",\"position\":1,\"name\":\"Strona g\u0142\u00f3wna\",\"item\":\"https:\/\/energylandia.pl\/cs\/\"},{\"@type\":\"ListItem\",\"position\":2,\"name\":\"Cen\u00edk\",\"item\":\"https:\/\/energylandia.pl\/cs\/cenik\/\"},{\"@type\":\"ListItem\",\"position\":3,\"name\":\"\u0160koln\u00ed z\u00e1jezdy\"}]},{\"@type\":\"WebSite\",\"@id\":\"https:\/\/energylandia.pl\/#website\",\"url\":\"https:\/\/energylandia.pl\/\",\"name\":\"ENERGYLANDIA - Rodzinny Park Rozrywki w Zatorze\",\"description\":\"ENERGYLANDIA - najwi\u0119kszy rodzinny Park Rozrywki w Polsce!\",\"publisher\":{\"@id\":\"https:\/\/energylandia.pl\/#organization\"},\"potentialAction\":[{\"@type\":\"SearchAction\",\"target\":{\"@type\":\"EntryPoint\",\"urlTemplate\":\"https:\/\/energylandia.pl\/?s={search_term_string}\"},\"query-input\":\"required name=search_term_string\"}],\"inLanguage\":\"cs\"},{\"@type\":\"Organization\",\"@id\":\"https:\/\/energylandia.pl\/#organization\",\"name\":\"Energylandia\",\"url\":\"https:\/\/energylandia.pl\/\",\"logo\":{\"@type\":\"ImageObject\",\"inLanguage\":\"cs\",\"@id\":\"https:\/\/energylandia.pl\/#\/schema\/logo\/image\/\",\"url\":\"\",\"contentUrl\":\"\",\"caption\":\"Energylandia\"},\"image\":{\"@id\":\"https:\/\/energylandia.pl\/#\/schema\/logo\/image\/\"},\"sameAs\":[\"https:\/\/www.facebook.com\/EnergyLandia\",\"https:\/\/www.youtube.com\/channel\/UCPj-Bs4Pfub_Bm04BOfyDoA\",\"https:\/\/vm.tiktok.com\/Tw7YAK\/\"]}]}<\/script>\n<!-- \/ Yoast SEO plugin. -->","yoast_head_json":{"title":"\u0160koln\u00ed z\u00e1jezdy - ENERGYLANDIA - Rodzinny Park Rozrywki w Zatorze","robots":{"index":"index","follow":"follow","max-snippet":"max-snippet:-1","max-image-preview":"max-image-preview:large","max-video-preview":"max-video-preview:-1"},"og_locale":"cs_CZ","og_type":"article","og_title":"\u0160koln\u00ed z\u00e1jezdy - ENERGYLANDIA - Rodzinny Park Rozrywki w Zatorze","og_description":"1 pr\u016fvodce pro 10 osob za poplatek 1 PLN K\u00e1va nebo \u010daj pro pr\u016fvodce skupin ZDARMA \u0158idi\u010d autobusu ZDARMA Skupiny za\u010d\u00ednaj\u00ed od 15 \u00fa\u010dastn\u00edk\u016f Vstupenka zahrnuje v\u0161echny atrakce z\u00e1bavn\u00edho parku Energyland: pou\u0165ov\u00e9 atrakce (nap\u0159. horsk\u00e9 dr\u00e1hy, koloto\u010de, pou\u0165ov\u00e9 atrakce pro d\u011bti), vstup na p\u0159edstaven\u00ed a vzd\u011bl\u00e1vac\u00ed prezentace, kino, vodn\u00ed park a Tropical Fun Stejn\u011b jako [&hellip;]","og_url":"https:\/\/energylandia.pl\/cs\/cenik\/skolni-zajezdy\/","og_site_name":"ENERGYLANDIA - Rodzinny Park Rozrywki w Zatorze","article_publisher":"https:\/\/www.facebook.com\/EnergyLandia","article_modified_time":"2026-02-23T14:39:27+00:00","twitter_card":"summary_large_image","twitter_misc":{"Odhadovan\u00e1 doba \u010dten\u00ed":"1 minuta"},"schema":{"@context":"https:\/\/schema.org","@graph":[{"@type":"WebPage","@id":"https:\/\/energylandia.pl\/cs\/cenik\/skolni-zajezdy\/","url":"https:\/\/energylandia.pl\/cs\/cenik\/skolni-zajezdy\/","name":"\u0160koln\u00ed z\u00e1jezdy - ENERGYLANDIA - Rodzinny Park Rozrywki w Zatorze","isPartOf":{"@id":"https:\/\/energylandia.pl\/#website"},"datePublished":"2018-03-05T13:09:32+00:00","dateModified":"2026-02-23T14:39:27+00:00","breadcrumb":{"@id":"https:\/\/energylandia.pl\/cs\/cenik\/skolni-zajezdy\/#breadcrumb"},"inLanguage":"cs","potentialAction":[{"@type":"ReadAction","target":["https:\/\/energylandia.pl\/cs\/cenik\/skolni-zajezdy\/"]}]},{"@type":"BreadcrumbList","@id":"https:\/\/energylandia.pl\/cs\/cenik\/skolni-zajezdy\/#breadcrumb","itemListElement":[{"@type":"ListItem","position":1,"name":"Strona g\u0142\u00f3wna","item":"https:\/\/energylandia.pl\/cs\/"},{"@type":"ListItem","position":2,"name":"Cen\u00edk","item":"https:\/\/energylandia.pl\/cs\/cenik\/"},{"@type":"ListItem","position":3,"name":"\u0160koln\u00ed z\u00e1jezdy"}]},{"@type":"WebSite","@id":"https:\/\/energylandia.pl\/#website","url":"https:\/\/energylandia.pl\/","name":"ENERGYLANDIA - Rodzinny Park Rozrywki w Zatorze","description":"ENERGYLANDIA - najwi\u0119kszy rodzinny Park Rozrywki w Polsce!","publisher":{"@id":"https:\/\/energylandia.pl\/#organization"},"potentialAction":[{"@type":"SearchAction","target":{"@type":"EntryPoint","urlTemplate":"https:\/\/energylandia.pl\/?s={search_term_string}"},"query-input":"required name=search_term_string"}],"inLanguage":"cs"},{"@type":"Organization","@id":"https:\/\/energylandia.pl\/#organization","name":"Energylandia","url":"https:\/\/energylandia.pl\/","logo":{"@type":"ImageObject","inLanguage":"cs","@id":"https:\/\/energylandia.pl\/#\/schema\/logo\/image\/","url":"","contentUrl":"","caption":"Energylandia"},"image":{"@id":"https:\/\/energylandia.pl\/#\/schema\/logo\/image\/"},"sameAs":["https:\/\/www.facebook.com\/EnergyLandia","https:\/\/www.youtube.com\/channel\/UCPj-Bs4Pfub_Bm04BOfyDoA","https:\/\/vm.tiktok.com\/Tw7YAK\/"]}]}},"_links":{"self":[{"href":"https:\/\/energylandia.pl\/cs\/wp-json\/wp\/v2\/pages\/28782","targetHints":{"allow":["GET"]}}],"collection":[{"href":"https:\/\/energylandia.pl\/cs\/wp-json\/wp\/v2\/pages"}],"about":[{"href":"https:\/\/energylandia.pl\/cs\/wp-json\/wp\/v2\/types\/page"}],"author":[{"embeddable":true,"href":"https:\/\/energylandia.pl\/cs\/wp-json\/wp\/v2\/users\/26"}],"replies":[{"embeddable":true,"href":"https:\/\/energylandia.pl\/cs\/wp-json\/wp\/v2\/comments?post=28782"}],"version-history":[{"count":3,"href":"https:\/\/energylandia.pl\/cs\/wp-json\/wp\/v2\/pages\/28782\/revisions"}],"predecessor-version":[{"id":300617,"href":"https:\/\/energylandia.pl\/cs\/wp-json\/wp\/v2\/pages\/28782\/revisions\/300617"}],"up":[{"embeddable":true,"href":"https:\/\/energylandia.pl\/cs\/wp-json\/wp\/v2\/pages\/13791"}],"wp:attachment":[{"href":"https:\/\/energylandia.pl\/cs\/wp-json\/wp\/v2\/media?parent=28782"}],"curies":[{"name":"wp","href":"https:\/\/api.w.org\/{rel}","templated":true}]}}