{"id":28765,"date":"2018-02-20T18:47:20","date_gmt":"2018-02-20T17:47:20","guid":{"rendered":"https:\/\/energylandia.pl\/cs\/cenik\/bilety-indywidualne\/"},"modified":"2026-04-01T14:49:42","modified_gmt":"2026-04-01T12:49:42","slug":"individualni-cenik","status":"publish","type":"page","link":"https:\/\/energylandia.pl\/cs\/cenik\/individualni-cenik\/","title":{"rendered":"Individu\u00e1ln\u00ed cen\u00edk"},"content":{"rendered":"<p style=\"text-align: center;\"><strong>V cen\u011b vstupenky jsou zahrnuty v\u0161echny atrakce bez omezen\u00ed: horsk\u00e9 dr\u00e1hy, koloto\u010de, kina, p\u0159edstaven\u00ed, show, z\u00f3na Sweet Valley, Smoczy Gr\u00f3d, z\u00f3na Bajkolandia, rodinn\u00e1 z\u00f3na, extr\u00e9mn\u00ed z\u00f3na, Aqualantis a Water Park! Celodenn\u00ed vstupenka bez \u010dasov\u00e9ho a mno\u017estevn\u00edho omezen\u00ed. *Vstupenka nezahrnuje stravov\u00e1n\u00ed, hern\u00ed automaty na \u017eetony, obchody ani suven\u00fdry.<\/strong><\/p>\n<hr class=\"border-color-blue\" \/>\n<ol>\n<li>Vstupenku pro d\u00edt\u011b, kter\u00e9 nedos\u00e1hlo 3 let v\u011bku, lze zakoupit na z\u00e1klad\u011b dokladu potvrzuj\u00edc\u00edho v\u011bk d\u00edt\u011bte. Dokladem je ob\u010dansk\u00fd pr\u016fkaz nebo rodn\u00fd list. Kopie ani fotografie dokument\u016f nejsou akceptov\u00e1ny.<\/li>\n<li>V\u0161echny osoby do 18 let v den sv\u00fdch narozenin zaplat\u00ed symbolick\u00fd poplatek 1 PLN za vstup do parku. Je to vst\u0159\u00edcn\u00fd krok v\u016f\u010di na\u0161im nejmlad\u0161\u00edm n\u00e1v\u0161t\u011bvn\u00edk\u016fm. Je nutn\u00e9 p\u0159edlo\u017eit doklad potvrzuj\u00edc\u00ed toto\u017enost a skute\u010dnost, \u017ee dan\u00fd den m\u00e1 n\u00e1v\u0161t\u011bvn\u00edk narozeniny. Dokladem m\u016f\u017ee b\u00fdt ob\u010dansk\u00fd pr\u016fkaz nebo rodn\u00fd list; u d\u011bt\u00ed star\u0161\u00edch 7 let \u0161koln\u00ed pr\u016fkaz. Kopie ani fotografie dokument\u016f nejsou akceptov\u00e1ny. Narozeninovou vstupenku lze zakoupit pouze v pokladn\u00e1ch parku.<\/li>\n<li>Ro\u010dn\u00ed vstupenka plat\u00ed jeden rok od data n\u00e1kupu. Dr\u017eiteli vstupenky je na m\u00edst\u011b v parku po\u0159\u00edzena fotografie a je mu vyd\u00e1na vstupenka. Zlevn\u011bn\u00e1 ro\u010dn\u00ed vstupenka n\u00e1le\u017e\u00ed osob\u011b, jej\u00ed\u017e v\u00fd\u0161ka v den v\u00fdm\u011bny poukazu nep\u0159esahuje 140 cm. V\u00fd\u0161ka se m\u011b\u0159\u00ed v obuvi. V p\u0159\u00edpad\u011b ztr\u00e1ty nebo po\u0161kozen\u00ed ro\u010dn\u00ed karty je mo\u017en\u00e9 zakoupit duplik\u00e1t za 50 PLN.<\/li>\n<li>Po p\u0159edlo\u017een\u00ed dokladu potvrzuj\u00edc\u00edho v\u011bk.<\/li>\n<li>Plat\u00ed pro d\u00edt\u011b do v\u00fd\u0161ky 140 cm, seniory od 65 let, t\u011bhotn\u00e9 \u017eeny, osoby se zdravotn\u00edm posti\u017een\u00edm a novoman\u017eele (pouze p\u0159i n\u00e1kupu vstupenky na pokladn\u011b). Vstupenku pro osobu se zdravotn\u00edm posti\u017een\u00edm lze zakoupit po p\u0159edlo\u017een\u00ed origin\u00e1lu pr\u016fkazu potvrzuj\u00edc\u00edho posti\u017een\u00ed. V p\u0159\u00edpad\u011b pochybnost\u00ed m\u016f\u017ee b\u00fdt vy\u017eadov\u00e1n dal\u0161\u00ed doklad s fotografi\u00ed potvrzuj\u00edc\u00ed toto\u017enost. Sleva pro doprovod osoby se zdravotn\u00edm posti\u017een\u00edm plat\u00ed pouze p\u0159i n\u00e1v\u0161t\u011bv\u011b skupiny osob se zdravotn\u00edm posti\u017een\u00edm a p\u0159i p\u0159edchoz\u00ed rezervaci skupiny o v\u00edce ne\u017e 15 osob\u00e1ch. <strong><span class=\"notion-enable-hover\" data-token-index=\"1\">U osob s omezenou pohyblivost\u00ed z\u00e1vis\u00ed dostupnost atrakc\u00ed na typu posti\u017een\u00ed.<\/span><\/strong> Zveme v\u00e1s do centra pro osoby se zdravotn\u00edm posti\u017een\u00edm, kde v\u00e1m n\u00e1\u0161 specialista doporu\u010d\u00ed atrakce, kter\u00e9 m\u016f\u017eete vyu\u017e\u00edt. Toto centrum se nach\u00e1z\u00ed u hlavn\u00edho vstupu do parku.<\/li>\n<li>Dvoudenn\u00ed a t\u0159\u00eddenn\u00ed vstupenky je nutn\u00e9 vyu\u017e\u00edt ve dnech n\u00e1sleduj\u00edc\u00edch po sob\u011b od okam\u017eiku prvn\u00edho vstupu do parku. Jedna vstupenka je ur\u010dena pro jednu osobu.<\/li>\n<li>Znak \u201e-\u201c v cen\u00edku znamen\u00e1, \u017ee uveden\u00e1 vstupenka nen\u00ed v dan\u00e9 sez\u00f3n\u011b dostupn\u00e1.<\/li>\n<li>Pro vyu\u017eit\u00ed vstupu ENERGY PASS je nutn\u00e9 m\u00edt vyti\u0161t\u011bn\u00fd ENERGY PASS, kter\u00fd lze zakoupit na <a role=\"link\" href=\"https:\/\/ticket.energylandia.pl\/cs\/produkty\/e-vstupenky\/energy-pass\/2-594\">ticket.energylandia.pl\/produkty\/energypass<\/a>. ENERGY PASS je tak\u00e9 k dispozici ke koupi ve v\u0161ech obchodech v are\u00e1lu parku. ENERGY PASS nen\u00ed vstupenkou do parku.<\/li>\n<li>ENERGY PASS NORMAL umo\u017e\u0148uje jednor\u00e1zov\u00e9 vyu\u017eit\u00ed ka\u017ed\u00e9 z n\u00e1sleduj\u00edc\u00edch atrakc\u00ed prost\u0159ednictv\u00edm vstupu ENERGY PASS: Pepsi Hyperion, Zadra Made In Ma\u0142opolska, Mayan, Abyssus, Choco Chip Creek, Toffifee Kopalnia Z\u0142ota, Space Booster, \u015amiej\u017celki Energu\u015b, Anaconda, Aztec Swing, Formu\u0142a, Speed Water Coaster, RMF Dragon, Tsunami Drop.<\/li>\n<li>ENERGY PASS ZLEVN\u011aN\u00dd umo\u017e\u0148uje jednor\u00e1zov\u00e9 vyu\u017eit\u00ed ka\u017ed\u00e9 z n\u00e1sleduj\u00edc\u00edch atrakc\u00ed prost\u0159ednictv\u00edm vstupu ENERGY PASS: Abyssus, Choco Chip Creek, Toffifee Kopalnia Z\u0142ota, \u015amiej\u017celki Energu\u015b, Anaconda, Formu\u0142a, RMF Dragon, Tsunami Drop. ENERGY PASS ZLEVN\u011aN\u00dd se vztahuje na d\u011bti do v\u00fd\u0161ky 140 cm.<\/li>\n<\/ol>\n<hr class=\"border-color-blue\" \/>\n<h3>Dodate\u010dn\u00e9 slevy<\/h3>\n<ul>\n<li>P\u0159ij\u00edm\u00e1me celost\u00e1tn\u00ed kartu velk\u00e9 rodiny, kter\u00e1 poskytuje 5% slevu na vstupenky do parku.<\/li>\n<li>Akce nelze kombinovat. Akce se nevztahuj\u00ed na zlevn\u011bn\u00e9, ak\u010dn\u00ed ani ro\u010dn\u00ed vstupenky.<\/li>\n<\/ul>\n<p>&nbsp;<\/p>\n<p><a href=\"https:\/\/ticket.energylandia.pl\/cs\/produkty\/e-vstupenky\/energy-pass\/2-594\"><img decoding=\"async\" class=\"alignnone size-full wp-image-315028\" src=\"https:\/\/energylandia.pl\/wp-content\/uploads\/2026\/03\/slider-ticket-en.webp\" alt=\"\" width=\"1920\" height=\"519\" \/><\/a><\/p>\n","protected":false},"excerpt":{"rendered":"<p>V cen\u011b vstupenky jsou zahrnuty v\u0161echny atrakce bez omezen\u00ed: horsk\u00e9 dr\u00e1hy, koloto\u010de, kina, p\u0159edstaven\u00ed, show, z\u00f3na Sweet Valley, Smoczy Gr\u00f3d, z\u00f3na Bajkolandia, rodinn\u00e1 z\u00f3na, extr\u00e9mn\u00ed z\u00f3na, Aqualantis a Water Park! Celodenn\u00ed vstupenka bez \u010dasov\u00e9ho a mno\u017estevn\u00edho omezen\u00ed. *Vstupenka nezahrnuje stravov\u00e1n\u00ed, hern\u00ed automaty na \u017eetony, obchody ani suven\u00fdry. Vstupenku pro d\u00edt\u011b, kter\u00e9 nedos\u00e1hlo 3 let v\u011bku, [&hellip;]<\/p>\n","protected":false},"author":26,"featured_media":0,"parent":13791,"menu_order":412,"comment_status":"closed","ping_status":"closed","template":"templates\/bilet-single.php","meta":{"footnotes":""},"class_list":["post-28765","page","type-page","status-publish","hentry"],"acf":[],"yoast_head":"<!-- This site is optimized with the Yoast SEO plugin v20.9 - https:\/\/yoast.com\/wordpress\/plugins\/seo\/ -->\n<title>Individu\u00e1ln\u00ed cen\u00edk - ENERGYLANDIA - Rodzinny Park Rozrywki w Zatorze<\/title>\n<meta name=\"robots\" content=\"index, follow, max-snippet:-1, max-image-preview:large, max-video-preview:-1\" \/>\n<meta property=\"og:locale\" content=\"cs_CZ\" \/>\n<meta property=\"og:type\" content=\"article\" \/>\n<meta property=\"og:title\" content=\"Individu\u00e1ln\u00ed cen\u00edk - ENERGYLANDIA - Rodzinny Park Rozrywki w Zatorze\" \/>\n<meta property=\"og:description\" content=\"V cen\u011b vstupenky jsou zahrnuty v\u0161echny atrakce bez omezen\u00ed: horsk\u00e9 dr\u00e1hy, koloto\u010de, kina, p\u0159edstaven\u00ed, show, z\u00f3na Sweet Valley, Smoczy Gr\u00f3d, z\u00f3na Bajkolandia, rodinn\u00e1 z\u00f3na, extr\u00e9mn\u00ed z\u00f3na, Aqualantis a Water Park! Celodenn\u00ed vstupenka bez \u010dasov\u00e9ho a mno\u017estevn\u00edho omezen\u00ed. *Vstupenka nezahrnuje stravov\u00e1n\u00ed, hern\u00ed automaty na \u017eetony, obchody ani suven\u00fdry. Vstupenku pro d\u00edt\u011b, kter\u00e9 nedos\u00e1hlo 3 let v\u011bku, [&hellip;]\" \/>\n<meta property=\"og:url\" content=\"https:\/\/energylandia.pl\/cs\/cenik\/individualni-cenik\/\" \/>\n<meta property=\"og:site_name\" content=\"ENERGYLANDIA - Rodzinny Park Rozrywki w Zatorze\" \/>\n<meta property=\"article:publisher\" content=\"https:\/\/www.facebook.com\/EnergyLandia\" \/>\n<meta property=\"article:modified_time\" content=\"2026-04-01T12:49:42+00:00\" \/>\n<meta property=\"og:image\" content=\"https:\/\/energylandia.pl\/wp-content\/uploads\/2026\/03\/slider-ticket-en.webp\" \/>\n<meta name=\"twitter:card\" content=\"summary_large_image\" \/>\n<meta name=\"twitter:label1\" content=\"Odhadovan\u00e1 doba \u010dten\u00ed\" \/>\n\t<meta name=\"twitter:data1\" content=\"4 minuty\" \/>\n<script type=\"application\/ld+json\" class=\"yoast-schema-graph\">{\"@context\":\"https:\/\/schema.org\",\"@graph\":[{\"@type\":\"WebPage\",\"@id\":\"https:\/\/energylandia.pl\/cs\/cenik\/individualni-cenik\/\",\"url\":\"https:\/\/energylandia.pl\/cs\/cenik\/individualni-cenik\/\",\"name\":\"Individu\u00e1ln\u00ed cen\u00edk - ENERGYLANDIA - Rodzinny Park Rozrywki w Zatorze\",\"isPartOf\":{\"@id\":\"https:\/\/energylandia.pl\/#website\"},\"datePublished\":\"2018-02-20T17:47:20+00:00\",\"dateModified\":\"2026-04-01T12:49:42+00:00\",\"breadcrumb\":{\"@id\":\"https:\/\/energylandia.pl\/cs\/cenik\/individualni-cenik\/#breadcrumb\"},\"inLanguage\":\"cs\",\"potentialAction\":[{\"@type\":\"ReadAction\",\"target\":[\"https:\/\/energylandia.pl\/cs\/cenik\/individualni-cenik\/\"]}]},{\"@type\":\"BreadcrumbList\",\"@id\":\"https:\/\/energylandia.pl\/cs\/cenik\/individualni-cenik\/#breadcrumb\",\"itemListElement\":[{\"@type\":\"ListItem\",\"position\":1,\"name\":\"Strona g\u0142\u00f3wna\",\"item\":\"https:\/\/energylandia.pl\/cs\/\"},{\"@type\":\"ListItem\",\"position\":2,\"name\":\"Cen\u00edk\",\"item\":\"https:\/\/energylandia.pl\/cs\/cenik\/\"},{\"@type\":\"ListItem\",\"position\":3,\"name\":\"Individu\u00e1ln\u00ed cen\u00edk\"}]},{\"@type\":\"WebSite\",\"@id\":\"https:\/\/energylandia.pl\/#website\",\"url\":\"https:\/\/energylandia.pl\/\",\"name\":\"ENERGYLANDIA - Rodzinny Park Rozrywki w Zatorze\",\"description\":\"ENERGYLANDIA - najwi\u0119kszy rodzinny Park Rozrywki w Polsce!\",\"publisher\":{\"@id\":\"https:\/\/energylandia.pl\/#organization\"},\"potentialAction\":[{\"@type\":\"SearchAction\",\"target\":{\"@type\":\"EntryPoint\",\"urlTemplate\":\"https:\/\/energylandia.pl\/?s={search_term_string}\"},\"query-input\":\"required name=search_term_string\"}],\"inLanguage\":\"cs\"},{\"@type\":\"Organization\",\"@id\":\"https:\/\/energylandia.pl\/#organization\",\"name\":\"Energylandia\",\"url\":\"https:\/\/energylandia.pl\/\",\"logo\":{\"@type\":\"ImageObject\",\"inLanguage\":\"cs\",\"@id\":\"https:\/\/energylandia.pl\/#\/schema\/logo\/image\/\",\"url\":\"\",\"contentUrl\":\"\",\"caption\":\"Energylandia\"},\"image\":{\"@id\":\"https:\/\/energylandia.pl\/#\/schema\/logo\/image\/\"},\"sameAs\":[\"https:\/\/www.facebook.com\/EnergyLandia\",\"https:\/\/www.youtube.com\/channel\/UCPj-Bs4Pfub_Bm04BOfyDoA\",\"https:\/\/vm.tiktok.com\/Tw7YAK\/\"]}]}<\/script>\n<!-- \/ Yoast SEO plugin. -->","yoast_head_json":{"title":"Individu\u00e1ln\u00ed cen\u00edk - ENERGYLANDIA - Rodzinny Park Rozrywki w Zatorze","robots":{"index":"index","follow":"follow","max-snippet":"max-snippet:-1","max-image-preview":"max-image-preview:large","max-video-preview":"max-video-preview:-1"},"og_locale":"cs_CZ","og_type":"article","og_title":"Individu\u00e1ln\u00ed cen\u00edk - ENERGYLANDIA - Rodzinny Park Rozrywki w Zatorze","og_description":"V cen\u011b vstupenky jsou zahrnuty v\u0161echny atrakce bez omezen\u00ed: horsk\u00e9 dr\u00e1hy, koloto\u010de, kina, p\u0159edstaven\u00ed, show, z\u00f3na Sweet Valley, Smoczy Gr\u00f3d, z\u00f3na Bajkolandia, rodinn\u00e1 z\u00f3na, extr\u00e9mn\u00ed z\u00f3na, Aqualantis a Water Park! Celodenn\u00ed vstupenka bez \u010dasov\u00e9ho a mno\u017estevn\u00edho omezen\u00ed. *Vstupenka nezahrnuje stravov\u00e1n\u00ed, hern\u00ed automaty na \u017eetony, obchody ani suven\u00fdry. Vstupenku pro d\u00edt\u011b, kter\u00e9 nedos\u00e1hlo 3 let v\u011bku, [&hellip;]","og_url":"https:\/\/energylandia.pl\/cs\/cenik\/individualni-cenik\/","og_site_name":"ENERGYLANDIA - Rodzinny Park Rozrywki w Zatorze","article_publisher":"https:\/\/www.facebook.com\/EnergyLandia","article_modified_time":"2026-04-01T12:49:42+00:00","og_image":[{"url":"https:\/\/energylandia.pl\/wp-content\/uploads\/2026\/03\/slider-ticket-en.webp"}],"twitter_card":"summary_large_image","twitter_misc":{"Odhadovan\u00e1 doba \u010dten\u00ed":"4 minuty"},"schema":{"@context":"https:\/\/schema.org","@graph":[{"@type":"WebPage","@id":"https:\/\/energylandia.pl\/cs\/cenik\/individualni-cenik\/","url":"https:\/\/energylandia.pl\/cs\/cenik\/individualni-cenik\/","name":"Individu\u00e1ln\u00ed cen\u00edk - ENERGYLANDIA - Rodzinny Park Rozrywki w Zatorze","isPartOf":{"@id":"https:\/\/energylandia.pl\/#website"},"datePublished":"2018-02-20T17:47:20+00:00","dateModified":"2026-04-01T12:49:42+00:00","breadcrumb":{"@id":"https:\/\/energylandia.pl\/cs\/cenik\/individualni-cenik\/#breadcrumb"},"inLanguage":"cs","potentialAction":[{"@type":"ReadAction","target":["https:\/\/energylandia.pl\/cs\/cenik\/individualni-cenik\/"]}]},{"@type":"BreadcrumbList","@id":"https:\/\/energylandia.pl\/cs\/cenik\/individualni-cenik\/#breadcrumb","itemListElement":[{"@type":"ListItem","position":1,"name":"Strona g\u0142\u00f3wna","item":"https:\/\/energylandia.pl\/cs\/"},{"@type":"ListItem","position":2,"name":"Cen\u00edk","item":"https:\/\/energylandia.pl\/cs\/cenik\/"},{"@type":"ListItem","position":3,"name":"Individu\u00e1ln\u00ed cen\u00edk"}]},{"@type":"WebSite","@id":"https:\/\/energylandia.pl\/#website","url":"https:\/\/energylandia.pl\/","name":"ENERGYLANDIA - Rodzinny Park Rozrywki w Zatorze","description":"ENERGYLANDIA - najwi\u0119kszy rodzinny Park Rozrywki w Polsce!","publisher":{"@id":"https:\/\/energylandia.pl\/#organization"},"potentialAction":[{"@type":"SearchAction","target":{"@type":"EntryPoint","urlTemplate":"https:\/\/energylandia.pl\/?s={search_term_string}"},"query-input":"required name=search_term_string"}],"inLanguage":"cs"},{"@type":"Organization","@id":"https:\/\/energylandia.pl\/#organization","name":"Energylandia","url":"https:\/\/energylandia.pl\/","logo":{"@type":"ImageObject","inLanguage":"cs","@id":"https:\/\/energylandia.pl\/#\/schema\/logo\/image\/","url":"","contentUrl":"","caption":"Energylandia"},"image":{"@id":"https:\/\/energylandia.pl\/#\/schema\/logo\/image\/"},"sameAs":["https:\/\/www.facebook.com\/EnergyLandia","https:\/\/www.youtube.com\/channel\/UCPj-Bs4Pfub_Bm04BOfyDoA","https:\/\/vm.tiktok.com\/Tw7YAK\/"]}]}},"_links":{"self":[{"href":"https:\/\/energylandia.pl\/cs\/wp-json\/wp\/v2\/pages\/28765","targetHints":{"allow":["GET"]}}],"collection":[{"href":"https:\/\/energylandia.pl\/cs\/wp-json\/wp\/v2\/pages"}],"about":[{"href":"https:\/\/energylandia.pl\/cs\/wp-json\/wp\/v2\/types\/page"}],"author":[{"embeddable":true,"href":"https:\/\/energylandia.pl\/cs\/wp-json\/wp\/v2\/users\/26"}],"replies":[{"embeddable":true,"href":"https:\/\/energylandia.pl\/cs\/wp-json\/wp\/v2\/comments?post=28765"}],"version-history":[{"count":21,"href":"https:\/\/energylandia.pl\/cs\/wp-json\/wp\/v2\/pages\/28765\/revisions"}],"predecessor-version":[{"id":315046,"href":"https:\/\/energylandia.pl\/cs\/wp-json\/wp\/v2\/pages\/28765\/revisions\/315046"}],"up":[{"embeddable":true,"href":"https:\/\/energylandia.pl\/cs\/wp-json\/wp\/v2\/pages\/13791"}],"wp:attachment":[{"href":"https:\/\/energylandia.pl\/cs\/wp-json\/wp\/v2\/media?parent=28765"}],"curies":[{"name":"wp","href":"https:\/\/api.w.org\/{rel}","templated":true}]}}