{"id":13768,"date":"2016-03-25T15:21:18","date_gmt":"2016-03-25T14:21:18","guid":{"rendered":"http:\/\/energylandia.pl\/cs\/?page_id=13768"},"modified":"2018-07-02T20:55:16","modified_gmt":"2018-07-02T18:55:16","slug":"dotace","status":"publish","type":"page","link":"https:\/\/energylandia.pl\/cs\/dotace\/","title":{"rendered":"Dotace"},"content":{"rendered":"<p>Z\u00e1bavn\u00fd park\/ Park Rozrywki Energylandia v Zatoru m\u00e1 bohat\u00e9 zku\u0161enosti s projekty spojen\u00fdmi s realizac\u00ed Roller Coastr\u016f a zav\u00e1d\u011bn\u00edm inova\u010dn\u00edch \u0159e\u0161en\u00ed v mezin\u00e1rodn\u00edm m\u011b\u0159\u00edtku.. Na\u0161e firma doposud realizovala n\u00e1sleduj\u00edc\u00ed projekty s finan\u010dn\u00edm p\u0159isp\u011bn\u00edm z program\u016f Evropsk\u00e9 unie:<\/p>\n<p><strong>\u201eStavba inova\u010dn\u00edho z\u00e1bavn\u00e9ho parku \u00adspojen\u00ed technologie, z\u00e1bavy, vzd\u011bl\u00e1n\u00ed: \u201eedutainment\u201d<\/strong><br \/>\nV r\u00e1mci \u010dinnosti 4.4 POIG.<br \/>\nHodnota tohoto projektu brutto byla 73 829 564 z\u0142, a \u010d\u00e1stka finan\u010dn\u00edho p\u0159\u00edsp\u011bvku 41 752 988 z\u0142.<\/p>\n<p><strong>\u201eRevoluce v odv\u011btv\u00ed z\u00e1bavy \u2013 fyzick\u00e9 pro\u017eitky ve virtu\u00e1ln\u00ed skute\u010dnosti\u201d<\/strong><br \/>\nV r\u00e1mci \u010dinnosti 4.4 POIG.<br \/>\nV r\u00e1mci tohoto projektu byly postaveny 3 nov\u00e9 Roller Coastry vybaven\u00e9 ve sv\u011btov\u00e9m m\u011b\u0159\u00edtku unik\u00e1tn\u00ed technologii v odv\u011btv\u00ed z\u00e1bavy, jen\u017e vyu\u017e\u00edv\u00e1 spojen\u00ed re\u00e1ln\u00ed z\u00e1bavy s virtu\u00e1ln\u00edm sv\u011btem.<\/p>\n<p><img decoding=\"async\" class=\"aligncenter size-large wp-image-10391\" src=\"http:\/\/energylandia.pl\/wp-content\/uploads\/2016\/03\/zdjecie-dotacje-1200x706.jpg\" alt=\"zdjecie dotacje\" width=\"1200\" height=\"706\" \/><\/p>\n","protected":false},"excerpt":{"rendered":"<p>Z\u00e1bavn\u00fd park\/ Park Rozrywki Energylandia v Zatoru m\u00e1 bohat\u00e9 zku\u0161enosti s projekty spojen\u00fdmi s realizac\u00ed Roller Coastr\u016f a zav\u00e1d\u011bn\u00edm inova\u010dn\u00edch \u0159e\u0161en\u00ed v mezin\u00e1rodn\u00edm m\u011b\u0159\u00edtku.. Na\u0161e firma doposud realizovala n\u00e1sleduj\u00edc\u00ed projekty s finan\u010dn\u00edm p\u0159isp\u011bn\u00edm z program\u016f Evropsk\u00e9 unie: \u201eStavba inova\u010dn\u00edho z\u00e1bavn\u00e9ho parku \u00adspojen\u00ed technologie, z\u00e1bavy, vzd\u011bl\u00e1n\u00ed: \u201eedutainment\u201d V r\u00e1mci \u010dinnosti 4.4 POIG. Hodnota tohoto projektu brutto [&hellip;]<\/p>\n","protected":false},"author":36,"featured_media":0,"parent":0,"menu_order":273,"comment_status":"closed","ping_status":"closed","template":"templates\/page8.php","meta":{"footnotes":""},"class_list":["post-13768","page","type-page","status-publish","hentry"],"acf":[],"yoast_head":"<!-- This site is optimized with the Yoast SEO plugin v20.9 - https:\/\/yoast.com\/wordpress\/plugins\/seo\/ -->\n<title>Dotace - ENERGYLANDIA - Rodzinny Park Rozrywki w Zatorze<\/title>\n<meta name=\"robots\" content=\"index, follow, max-snippet:-1, max-image-preview:large, max-video-preview:-1\" \/>\n<meta property=\"og:locale\" content=\"cs_CZ\" \/>\n<meta property=\"og:type\" content=\"article\" \/>\n<meta property=\"og:title\" content=\"Dotace - ENERGYLANDIA - Rodzinny Park Rozrywki w Zatorze\" \/>\n<meta property=\"og:description\" content=\"Z\u00e1bavn\u00fd park\/ Park Rozrywki Energylandia v Zatoru m\u00e1 bohat\u00e9 zku\u0161enosti s projekty spojen\u00fdmi s realizac\u00ed Roller Coastr\u016f a zav\u00e1d\u011bn\u00edm inova\u010dn\u00edch \u0159e\u0161en\u00ed v mezin\u00e1rodn\u00edm m\u011b\u0159\u00edtku.. Na\u0161e firma doposud realizovala n\u00e1sleduj\u00edc\u00ed projekty s finan\u010dn\u00edm p\u0159isp\u011bn\u00edm z program\u016f Evropsk\u00e9 unie: \u201eStavba inova\u010dn\u00edho z\u00e1bavn\u00e9ho parku \u00adspojen\u00ed technologie, z\u00e1bavy, vzd\u011bl\u00e1n\u00ed: \u201eedutainment\u201d V r\u00e1mci \u010dinnosti 4.4 POIG. Hodnota tohoto projektu brutto [&hellip;]\" \/>\n<meta property=\"og:url\" content=\"https:\/\/energylandia.pl\/cs\/dotace\/\" \/>\n<meta property=\"og:site_name\" content=\"ENERGYLANDIA - Rodzinny Park Rozrywki w Zatorze\" \/>\n<meta property=\"article:publisher\" content=\"https:\/\/www.facebook.com\/EnergyLandia\" \/>\n<meta property=\"article:modified_time\" content=\"2018-07-02T18:55:16+00:00\" \/>\n<meta property=\"og:image\" content=\"http:\/\/energylandia.pl\/wp-content\/uploads\/2016\/03\/zdjecie-dotacje-1200x706.jpg\" \/>\n<meta name=\"twitter:card\" content=\"summary_large_image\" \/>\n<meta name=\"twitter:label1\" content=\"Odhadovan\u00e1 doba \u010dten\u00ed\" \/>\n\t<meta name=\"twitter:data1\" content=\"1 minuta\" \/>\n<script type=\"application\/ld+json\" class=\"yoast-schema-graph\">{\"@context\":\"https:\/\/schema.org\",\"@graph\":[{\"@type\":\"WebPage\",\"@id\":\"https:\/\/energylandia.pl\/cs\/dotace\/\",\"url\":\"https:\/\/energylandia.pl\/cs\/dotace\/\",\"name\":\"Dotace - ENERGYLANDIA - Rodzinny Park Rozrywki w Zatorze\",\"isPartOf\":{\"@id\":\"https:\/\/energylandia.pl\/#website\"},\"datePublished\":\"2016-03-25T14:21:18+00:00\",\"dateModified\":\"2018-07-02T18:55:16+00:00\",\"breadcrumb\":{\"@id\":\"https:\/\/energylandia.pl\/cs\/dotace\/#breadcrumb\"},\"inLanguage\":\"cs\",\"potentialAction\":[{\"@type\":\"ReadAction\",\"target\":[\"https:\/\/energylandia.pl\/cs\/dotace\/\"]}]},{\"@type\":\"BreadcrumbList\",\"@id\":\"https:\/\/energylandia.pl\/cs\/dotace\/#breadcrumb\",\"itemListElement\":[{\"@type\":\"ListItem\",\"position\":1,\"name\":\"Strona g\u0142\u00f3wna\",\"item\":\"https:\/\/energylandia.pl\/cs\/\"},{\"@type\":\"ListItem\",\"position\":2,\"name\":\"Dotace\"}]},{\"@type\":\"WebSite\",\"@id\":\"https:\/\/energylandia.pl\/#website\",\"url\":\"https:\/\/energylandia.pl\/\",\"name\":\"ENERGYLANDIA - Rodzinny Park Rozrywki w Zatorze\",\"description\":\"ENERGYLANDIA - najwi\u0119kszy rodzinny Park Rozrywki w Polsce!\",\"publisher\":{\"@id\":\"https:\/\/energylandia.pl\/#organization\"},\"potentialAction\":[{\"@type\":\"SearchAction\",\"target\":{\"@type\":\"EntryPoint\",\"urlTemplate\":\"https:\/\/energylandia.pl\/?s={search_term_string}\"},\"query-input\":\"required name=search_term_string\"}],\"inLanguage\":\"cs\"},{\"@type\":\"Organization\",\"@id\":\"https:\/\/energylandia.pl\/#organization\",\"name\":\"Energylandia\",\"url\":\"https:\/\/energylandia.pl\/\",\"logo\":{\"@type\":\"ImageObject\",\"inLanguage\":\"cs\",\"@id\":\"https:\/\/energylandia.pl\/#\/schema\/logo\/image\/\",\"url\":\"\",\"contentUrl\":\"\",\"caption\":\"Energylandia\"},\"image\":{\"@id\":\"https:\/\/energylandia.pl\/#\/schema\/logo\/image\/\"},\"sameAs\":[\"https:\/\/www.facebook.com\/EnergyLandia\",\"https:\/\/www.youtube.com\/channel\/UCPj-Bs4Pfub_Bm04BOfyDoA\",\"https:\/\/vm.tiktok.com\/Tw7YAK\/\"]}]}<\/script>\n<!-- \/ Yoast SEO plugin. -->","yoast_head_json":{"title":"Dotace - ENERGYLANDIA - Rodzinny Park Rozrywki w Zatorze","robots":{"index":"index","follow":"follow","max-snippet":"max-snippet:-1","max-image-preview":"max-image-preview:large","max-video-preview":"max-video-preview:-1"},"og_locale":"cs_CZ","og_type":"article","og_title":"Dotace - ENERGYLANDIA - Rodzinny Park Rozrywki w Zatorze","og_description":"Z\u00e1bavn\u00fd park\/ Park Rozrywki Energylandia v Zatoru m\u00e1 bohat\u00e9 zku\u0161enosti s projekty spojen\u00fdmi s realizac\u00ed Roller Coastr\u016f a zav\u00e1d\u011bn\u00edm inova\u010dn\u00edch \u0159e\u0161en\u00ed v mezin\u00e1rodn\u00edm m\u011b\u0159\u00edtku.. Na\u0161e firma doposud realizovala n\u00e1sleduj\u00edc\u00ed projekty s finan\u010dn\u00edm p\u0159isp\u011bn\u00edm z program\u016f Evropsk\u00e9 unie: \u201eStavba inova\u010dn\u00edho z\u00e1bavn\u00e9ho parku \u00adspojen\u00ed technologie, z\u00e1bavy, vzd\u011bl\u00e1n\u00ed: \u201eedutainment\u201d V r\u00e1mci \u010dinnosti 4.4 POIG. Hodnota tohoto projektu brutto [&hellip;]","og_url":"https:\/\/energylandia.pl\/cs\/dotace\/","og_site_name":"ENERGYLANDIA - Rodzinny Park Rozrywki w Zatorze","article_publisher":"https:\/\/www.facebook.com\/EnergyLandia","article_modified_time":"2018-07-02T18:55:16+00:00","og_image":[{"url":"http:\/\/energylandia.pl\/wp-content\/uploads\/2016\/03\/zdjecie-dotacje-1200x706.jpg"}],"twitter_card":"summary_large_image","twitter_misc":{"Odhadovan\u00e1 doba \u010dten\u00ed":"1 minuta"},"schema":{"@context":"https:\/\/schema.org","@graph":[{"@type":"WebPage","@id":"https:\/\/energylandia.pl\/cs\/dotace\/","url":"https:\/\/energylandia.pl\/cs\/dotace\/","name":"Dotace - ENERGYLANDIA - Rodzinny Park Rozrywki w Zatorze","isPartOf":{"@id":"https:\/\/energylandia.pl\/#website"},"datePublished":"2016-03-25T14:21:18+00:00","dateModified":"2018-07-02T18:55:16+00:00","breadcrumb":{"@id":"https:\/\/energylandia.pl\/cs\/dotace\/#breadcrumb"},"inLanguage":"cs","potentialAction":[{"@type":"ReadAction","target":["https:\/\/energylandia.pl\/cs\/dotace\/"]}]},{"@type":"BreadcrumbList","@id":"https:\/\/energylandia.pl\/cs\/dotace\/#breadcrumb","itemListElement":[{"@type":"ListItem","position":1,"name":"Strona g\u0142\u00f3wna","item":"https:\/\/energylandia.pl\/cs\/"},{"@type":"ListItem","position":2,"name":"Dotace"}]},{"@type":"WebSite","@id":"https:\/\/energylandia.pl\/#website","url":"https:\/\/energylandia.pl\/","name":"ENERGYLANDIA - Rodzinny Park Rozrywki w Zatorze","description":"ENERGYLANDIA - najwi\u0119kszy rodzinny Park Rozrywki w Polsce!","publisher":{"@id":"https:\/\/energylandia.pl\/#organization"},"potentialAction":[{"@type":"SearchAction","target":{"@type":"EntryPoint","urlTemplate":"https:\/\/energylandia.pl\/?s={search_term_string}"},"query-input":"required name=search_term_string"}],"inLanguage":"cs"},{"@type":"Organization","@id":"https:\/\/energylandia.pl\/#organization","name":"Energylandia","url":"https:\/\/energylandia.pl\/","logo":{"@type":"ImageObject","inLanguage":"cs","@id":"https:\/\/energylandia.pl\/#\/schema\/logo\/image\/","url":"","contentUrl":"","caption":"Energylandia"},"image":{"@id":"https:\/\/energylandia.pl\/#\/schema\/logo\/image\/"},"sameAs":["https:\/\/www.facebook.com\/EnergyLandia","https:\/\/www.youtube.com\/channel\/UCPj-Bs4Pfub_Bm04BOfyDoA","https:\/\/vm.tiktok.com\/Tw7YAK\/"]}]}},"_links":{"self":[{"href":"https:\/\/energylandia.pl\/cs\/wp-json\/wp\/v2\/pages\/13768","targetHints":{"allow":["GET"]}}],"collection":[{"href":"https:\/\/energylandia.pl\/cs\/wp-json\/wp\/v2\/pages"}],"about":[{"href":"https:\/\/energylandia.pl\/cs\/wp-json\/wp\/v2\/types\/page"}],"author":[{"embeddable":true,"href":"https:\/\/energylandia.pl\/cs\/wp-json\/wp\/v2\/users\/36"}],"replies":[{"embeddable":true,"href":"https:\/\/energylandia.pl\/cs\/wp-json\/wp\/v2\/comments?post=13768"}],"version-history":[{"count":0,"href":"https:\/\/energylandia.pl\/cs\/wp-json\/wp\/v2\/pages\/13768\/revisions"}],"wp:attachment":[{"href":"https:\/\/energylandia.pl\/cs\/wp-json\/wp\/v2\/media?parent=13768"}],"curies":[{"name":"wp","href":"https:\/\/api.w.org\/{rel}","templated":true}]}}