{"id":125523,"date":"2022-04-13T18:03:44","date_gmt":"2022-04-13T16:03:44","guid":{"rendered":"https:\/\/energylandia.pl\/cenik\/urodziny-w-energylandii\/"},"modified":"2026-03-05T09:22:23","modified_gmt":"2026-03-05T08:22:23","slug":"narozeniny","status":"publish","type":"page","link":"https:\/\/energylandia.pl\/cs\/cenik\/narozeniny\/","title":{"rendered":"Narozeniny"},"content":{"rendered":"\n<div class=\"wpcf7 no-js\" id=\"wpcf7-f125728-o1\" lang=\"cs-CZ\" dir=\"ltr\">\n<div class=\"screen-reader-response\"><p role=\"status\" aria-live=\"polite\" aria-atomic=\"true\"><\/p> <ul><\/ul><\/div>\n<form action=\"\/cs\/wp-json\/wp\/v2\/pages\/125523#wpcf7-f125728-o1\" method=\"post\" class=\"wpcf7-form init wpcf7-acceptance-as-validation\" aria-label=\"Kontaktn\u00ed formul\u00e1\u0159\" novalidate=\"novalidate\" data-status=\"init\">\n<div style=\"display: none;\">\n<input type=\"hidden\" name=\"_wpcf7\" value=\"125728\" \/>\n<input type=\"hidden\" name=\"_wpcf7_version\" value=\"5.7.7\" \/>\n<input type=\"hidden\" name=\"_wpcf7_locale\" value=\"cs_CZ\" \/>\n<input type=\"hidden\" name=\"_wpcf7_unit_tag\" value=\"wpcf7-f125728-o1\" \/>\n<input type=\"hidden\" name=\"_wpcf7_container_post\" value=\"0\" \/>\n<input type=\"hidden\" name=\"_wpcf7_posted_data_hash\" value=\"\" \/>\n<input type=\"hidden\" name=\"_wpcf7cf_hidden_group_fields\" value=\"[]\" \/>\n<input type=\"hidden\" name=\"_wpcf7cf_hidden_groups\" value=\"[]\" \/>\n<input type=\"hidden\" name=\"_wpcf7cf_visible_groups\" value=\"[]\" \/>\n<input type=\"hidden\" name=\"_wpcf7cf_repeaters\" value=\"[]\" \/>\n<input type=\"hidden\" name=\"_wpcf7cf_steps\" value=\"{}\" \/>\n<input type=\"hidden\" name=\"_wpcf7cf_options\" value=\"{&quot;form_id&quot;:125728,&quot;conditions&quot;:[{&quot;then_field&quot;:&quot;-1&quot;,&quot;and_rules&quot;:[{&quot;if_field&quot;:&quot;-1&quot;,&quot;operator&quot;:&quot;equals&quot;,&quot;if_value&quot;:&quot;Szko\\u0142a Zestaw 1 - 24.50 PLN&quot;}]},{&quot;then_field&quot;:&quot;-1&quot;,&quot;and_rules&quot;:[{&quot;if_field&quot;:&quot;-1&quot;,&quot;operator&quot;:&quot;equals&quot;,&quot;if_value&quot;:&quot;Szko\\u0142a Zestaw 2 - 28.50 PLN&quot;}]}],&quot;settings&quot;:{&quot;animation&quot;:&quot;yes&quot;,&quot;animation_intime&quot;:200,&quot;animation_outtime&quot;:200,&quot;conditions_ui&quot;:&quot;normal&quot;,&quot;notice_dismissed&quot;:false}}\" \/>\n<input type=\"hidden\" name=\"_wpcf7_recaptcha_response\" value=\"\" \/>\n<\/div>\n<div class=\"row\">\n    <div class=\"col-12\">\n        <div class=\"form-group\">\n            <label>Datum kon\u00e1n\u00ed ve\u010d\u00edrku <span class=\"plm-required-field\">*<\/span><\/label>\n            <span class=\"wpcf7-form-control-wrap\" data-name=\"data_przyjecia\"><input class=\"wpcf7-form-control wpcf7-date wpcf7-validates-as-required wpcf7-validates-as-date form-control\" min=\"2026-04-14\" aria-required=\"true\" aria-invalid=\"false\" value=\"2026-04-14\" type=\"date\" name=\"data_przyjecia\" \/><\/span>\n        <\/div>\n    <\/div>\n<\/div>\n<div class=\"row\">\n    <div class=\"col-md-6\">\n        <div class=\"form-group\">\n            <label>Jm\u00e9no oslavence nebo oslavenkyn\u011b <span class=\"plm-required-field\">*<\/span><\/label>\n            <span class=\"wpcf7-form-control-wrap\" data-name=\"imie_solenizanta\"><input size=\"40\" class=\"wpcf7-form-control wpcf7-text wpcf7-validates-as-required form-control\" aria-required=\"true\" aria-invalid=\"false\" placeholder=\"Jm\u00e9no oslavence nebo oslavenkyn\u011b\" value=\"\" type=\"text\" name=\"imie_solenizanta\" \/><\/span>\n        <\/div>\n    <\/div>\n    <div class=\"col-md-6\">\n        <div class=\"form-group\">\n            <label>V\u011bk oslavence nebo oslavenkyn\u011b <span class=\"plm-required-field\">*<\/span><\/label>\n            <span class=\"wpcf7-form-control-wrap\" data-name=\"wiek_solenizanta\"><input class=\"wpcf7-form-control wpcf7-number wpcf7-validates-as-required wpcf7-validates-as-number form-control\" min=\"0\" max=\"18\" aria-required=\"true\" aria-invalid=\"false\" placeholder=\"V\u011bk oslavence nebo oslavenkyn\u011b\" value=\"\" type=\"number\" name=\"wiek_solenizanta\" \/><\/span>\n        <\/div>\n    <\/div>\n<\/div>\n<hr class=\"horizontal dark\" \/>\n<div class=\"row\">\n    <div class=\"col-12\">\n        <div class=\"form-group\">\n            <p>Pr\u016fvodc\u016f<\/p>\n        <\/div>\n    <\/div>\n<\/div>\n<div class=\"row\">\n    <div class=\"col-md-6\">\n        <div class=\"form-group\">\n            <label>Jm\u00e9no <span class=\"plm-required-field\">*<\/span><\/label>\n            <span class=\"wpcf7-form-control-wrap\" data-name=\"imie_opiekun\"><input size=\"40\" class=\"wpcf7-form-control wpcf7-text wpcf7-validates-as-required form-control\" autocomplete=\"given-name\" aria-required=\"true\" aria-invalid=\"false\" placeholder=\"Jm\u00e9no\" value=\"\" type=\"text\" name=\"imie_opiekun\" \/><\/span>\n        <\/div>\n    <\/div>\n    <div class=\"col-md-6\">\n        <div class=\"form-group\">\n            <label>P\u0159\u00edjmen\u00ed <span class=\"plm-required-field\">*<\/span><\/label>\n            <span class=\"wpcf7-form-control-wrap\" data-name=\"nazwisko_opiekun\"><input size=\"40\" class=\"wpcf7-form-control wpcf7-text wpcf7-validates-as-required form-control\" autocomplete=\"family-name\" aria-required=\"true\" aria-invalid=\"false\" placeholder=\"P\u0159\u00edjmen\u00ed\" value=\"\" type=\"text\" name=\"nazwisko_opiekun\" \/><\/span>\n        <\/div>\n    <\/div>\n<\/div>\n<div class=\"row\">\n    <div class=\"col-md-6\">\n        <div class=\"form-group\">\n            <label>Adresa email <span class=\"plm-required-field\">*<\/span><\/label>\n            <span class=\"wpcf7-form-control-wrap\" data-name=\"email_opiekun\"><input size=\"40\" class=\"wpcf7-form-control wpcf7-text wpcf7-email wpcf7-validates-as-required wpcf7-validates-as-email form-control\" autocomplete=\"email\" aria-required=\"true\" aria-invalid=\"false\" placeholder=\"Adresa email\" value=\"\" type=\"email\" name=\"email_opiekun\" \/><\/span>\n        <\/div>\n    <\/div>\n    <div class=\"col-md-6\">\n        <div class=\"form-group\">\n            <label>Telefon <span class=\"plm-required-field\">*<\/span><\/label>\n            <span class=\"wpcf7-form-control-wrap\" data-name=\"telefon_opiekun\"><input size=\"40\" class=\"wpcf7-form-control wpcf7-text wpcf7-tel wpcf7-validates-as-required wpcf7-validates-as-tel form-control\" autocomplete=\"tel\" aria-required=\"true\" aria-invalid=\"false\" placeholder=\"Telefon\" value=\"\" type=\"tel\" name=\"telefon_opiekun\" \/><\/span>\n        <\/div>\n    <\/div>\n<\/div>\n<hr class=\"horizontal dark\" \/>\n<div class=\"table-responsive\">\n    <table class=\"table\">\n        <thead>\n            <tr>\n                <th class=\"col-6 align-middle text-start ps-0\"><label>Vstupenka<\/label><\/th>\n                <th class=\"align-middle text-end pe-2\">Cena<\/th>\n                <th class=\"align-middle text-end pe-0\">Po\u010det \u00fa\u010dastn\u00edk\u016f<\/th>\n            <\/tr>\n        <\/thead>\n        <tbody>\n            <tr>\n                <td class=\"align-middle text-start ps-0\"><label>P\u0159\u00e1n\u00ed k narozenin\u00e1m pro oslavence<\/label><\/td>\n                <td class=\"align-middle text-end pe-2\">1<span class=\"text-sm\">pln<\/span><\/td>\n                <td class=\"align-middle text-end pe-0\"><span class=\"wpcf7-form-control-wrap\" data-name=\"ilosc_solenizant\"><input class=\"wpcf7-form-control wpcf7-number wpcf7-validates-as-required wpcf7-validates-as-number form-control text-end\" min=\"0\" max=\"100\" aria-required=\"true\" aria-invalid=\"false\" value=\"0\" type=\"number\" name=\"ilosc_solenizant\" \/><\/span><\/td>\n            <\/tr>\n            <tr>\n                <td class=\"align-middle text-start ps-0\"><label>Narozeninov\u00fd bal\u00ed\u010dek<\/label><\/td>\n                <td class=\"align-middle text-end pe-2\">1999<span class=\"text-sm\">pln<\/span><\/td>\n                <td class=\"align-middle text-end pe-0\"><span class=\"wpcf7-form-control-wrap\" data-name=\"ilosc_pakiet_urodzinowy\"><input class=\"wpcf7-form-control wpcf7-number wpcf7-validates-as-number form-control text-end\" min=\"0\" max=\"1\" aria-invalid=\"false\" value=\"0\" type=\"number\" name=\"ilosc_pakiet_urodzinowy\" \/><\/span><\/td>\n            <\/tr>\n            <tr>\n                <td class=\"align-middle text-start ps-0\"><label>Dal\u0161\u00ed host mlad\u0161\u00ed ne\u017e 12 let<\/label><\/td>\n                <td class=\"align-middle text-end pe-2\">199<span class=\"text-sm\">pln<\/span><\/td>\n                <td class=\"align-middle text-end pe-0\"><span class=\"wpcf7-form-control-wrap\" data-name=\"ilosc_dodatkowych_do_12\"><input class=\"wpcf7-form-control wpcf7-number wpcf7-validates-as-number form-control text-end\" min=\"0\" max=\"100\" aria-invalid=\"false\" value=\"0\" type=\"number\" name=\"ilosc_dodatkowych_do_12\" \/><\/span><\/td>\n            <\/tr>\n            <tr>\n                <td class=\"align-middle text-start ps-0\"><label>Dal\u0161\u00ed \u00fa\u010dastn\u00edk ve\u010d\u00edrku od 12 let<\/label><\/td>\n                <td class=\"align-middle text-end pe-2\">249<span class=\"text-sm\">pln<\/span><\/td>\n                <td class=\"align-middle text-end pe-0\"><span class=\"wpcf7-form-control-wrap\" data-name=\"ilosc_dodatkowych_od_12\"><input class=\"wpcf7-form-control wpcf7-number wpcf7-validates-as-number form-control text-end\" min=\"0\" max=\"100\" aria-invalid=\"false\" value=\"0\" type=\"number\" name=\"ilosc_dodatkowych_od_12\" \/><\/span><\/td>\n            <\/tr>\n        <\/tbody>\n    <\/table>\n<\/div>\n<hr class=\"horizontal dark\" \/>\n<div class=\"row\">\n    <div class=\"col-12\">\n        <p>Maxim\u00e1ln\u00ed po\u010det \u00fa\u010dastn\u00edk\u016f bal\u00ed\u010dku: oslavenec nebo oslavenkyn\u011b a 8 osob, v\u010detn\u011b maxim\u00e1ln\u011b 4 pr\u016fvodc\u016f. Narozeninov\u00e9 oslavy se konaj\u00ed t\u00fdden p\u0159ed nebo t\u00fdden po datu narozenin.<\/p>\n    <\/div>\n<\/div>\n<hr class=\"horizontal dark\" \/>\n<div class=\"row\">\n    <div class=\"col-md-6\">\n        <div class=\"form-group\">\n            <label>Tort <span class=\"plm-required-field\">*<\/span><\/label>\n            <span class=\"wpcf7-form-control-wrap\" data-name=\"urodziny-tort\"><select class=\"wpcf7-form-control wpcf7-select wpcf7-validates-as-required form-control\" id=\"urodziny-tort-cz\" aria-required=\"true\" aria-invalid=\"false\" name=\"urodziny-tort\"><option value=\"\">&#8212;Zvolte pros\u00edm mo\u017enost&#8212;<\/option><option value=\"Tort Energu\u015b\">Tort Energu\u015b<\/option><option value=\"Tort Sissi\">Tort Sissi<\/option><option value=\"Tort Leo\u015b\">Tort Leo\u015b<\/option><\/select><\/span>\n        <\/div>\n    <\/div>\n    <div class=\"col-md-6\">\n        <div class=\"form-group\">\n            <label>M\u00e1me v\u00e1m poslat bal\u00ed\u010dek pozv\u00e1nek zdarma? <span class=\"plm-required-field\">*<\/span><\/label>\n            <span class=\"wpcf7-form-control-wrap\" data-name=\"urodziny-pakiet_zaproszen\"><select class=\"wpcf7-form-control wpcf7-select wpcf7-validates-as-required form-control\" id=\"urodziny-pakiet_zaproszen-cz\" aria-required=\"true\" aria-invalid=\"false\" name=\"urodziny-pakiet_zaproszen\"><option value=\"\">&#8212;Zvolte pros\u00edm mo\u017enost&#8212;<\/option><option value=\"Ano\">Ano<\/option><option value=\"Ne\">Ne<\/option><\/select><\/span>\n        <\/div>\n    <\/div>\n<\/div>\n<hr class=\"horizontal dark\" \/>\n<div class=\"row\">\n    <div class=\"col-12\">\n        <div class=\"form-group\">\n            <label>M\u00edsto pro koment\u00e1\u0159e<\/label>\n            <span class=\"wpcf7-form-control-wrap\" data-name=\"uwagi\"><textarea cols=\"40\" rows=\"4\" class=\"wpcf7-form-control wpcf7-textarea form-control\" aria-invalid=\"false\" placeholder=\"M\u00edsto pro koment\u00e1\u0159e\" name=\"uwagi\"><\/textarea><\/span>\n        <\/div>\n    <\/div>\n<\/div>\n<div class=\"row\">\n    <div class=\"col-12\">\n        <div class=\"form-check form-switch\">\n            <span class=\"wpcf7-form-control-wrap\" data-name=\"acceptance-408\"><span class=\"wpcf7-form-control wpcf7-acceptance\"><span class=\"wpcf7-list-item\"><label><input type=\"checkbox\" name=\"acceptance-408\" value=\"1\" class=\"form-check-input\" aria-invalid=\"false\" \/><span class=\"wpcf7-list-item-label\">P\u0159e\u010detl jsem si a p\u0159ij\u00edm\u00e1m ustanoven\u00ed <a href=\"\/o-nas\/polityka-prywatnosci\/\" target=\"_blank\">Z\u00e1sadami ochrany osobn\u00edch \u00fadaj\u016f<\/a>. <span class=\"plm-required-field\">*<\/span><\/span><\/label><\/span><\/span><\/span>\n        <\/div>\n    <\/div>\n<\/div>\n<div class=\"row\">\n    <div class=\"col-12 mx-auto text-center\">\n        <input class=\"wpcf7-form-control has-spinner wpcf7-submit btn btn-primary\" type=\"submit\" value=\"Rezervujte\" \/>\n    <\/div>\n<\/div><div class=\"wpcf7-response-output\" aria-hidden=\"true\"><\/div>\n<\/form>\n<\/div>\n\n","protected":false},"excerpt":{"rendered":"","protected":false},"author":28,"featured_media":0,"parent":13791,"menu_order":347,"comment_status":"closed","ping_status":"closed","template":"templates\/bilet-single.php","meta":{"footnotes":""},"class_list":["post-125523","page","type-page","status-publish","hentry"],"acf":[],"yoast_head":"<!-- This site is optimized with the Yoast SEO plugin v20.9 - https:\/\/yoast.com\/wordpress\/plugins\/seo\/ -->\n<title>Narozeniny - ENERGYLANDIA - Rodzinny Park Rozrywki w Zatorze<\/title>\n<meta name=\"robots\" content=\"index, follow, max-snippet:-1, max-image-preview:large, max-video-preview:-1\" \/>\n<meta property=\"og:locale\" content=\"cs_CZ\" \/>\n<meta property=\"og:type\" content=\"article\" \/>\n<meta property=\"og:title\" content=\"Narozeniny - ENERGYLANDIA - Rodzinny Park Rozrywki w Zatorze\" \/>\n<meta property=\"og:url\" content=\"https:\/\/energylandia.pl\/cs\/cenik\/narozeniny\/\" \/>\n<meta property=\"og:site_name\" content=\"ENERGYLANDIA - Rodzinny Park Rozrywki w Zatorze\" \/>\n<meta property=\"article:publisher\" content=\"https:\/\/www.facebook.com\/EnergyLandia\" \/>\n<meta property=\"article:modified_time\" content=\"2026-03-05T08:22:23+00:00\" \/>\n<meta name=\"twitter:card\" content=\"summary_large_image\" \/>\n<meta name=\"twitter:label1\" content=\"Odhadovan\u00e1 doba \u010dten\u00ed\" \/>\n\t<meta name=\"twitter:data1\" content=\"1 minuta\" \/>\n<script type=\"application\/ld+json\" class=\"yoast-schema-graph\">{\"@context\":\"https:\/\/schema.org\",\"@graph\":[{\"@type\":\"WebPage\",\"@id\":\"https:\/\/energylandia.pl\/cs\/cenik\/narozeniny\/\",\"url\":\"https:\/\/energylandia.pl\/cs\/cenik\/narozeniny\/\",\"name\":\"Narozeniny - ENERGYLANDIA - Rodzinny Park Rozrywki w Zatorze\",\"isPartOf\":{\"@id\":\"https:\/\/energylandia.pl\/#website\"},\"datePublished\":\"2022-04-13T16:03:44+00:00\",\"dateModified\":\"2026-03-05T08:22:23+00:00\",\"breadcrumb\":{\"@id\":\"https:\/\/energylandia.pl\/cs\/cenik\/narozeniny\/#breadcrumb\"},\"inLanguage\":\"cs\",\"potentialAction\":[{\"@type\":\"ReadAction\",\"target\":[\"https:\/\/energylandia.pl\/cs\/cenik\/narozeniny\/\"]}]},{\"@type\":\"BreadcrumbList\",\"@id\":\"https:\/\/energylandia.pl\/cs\/cenik\/narozeniny\/#breadcrumb\",\"itemListElement\":[{\"@type\":\"ListItem\",\"position\":1,\"name\":\"Strona g\u0142\u00f3wna\",\"item\":\"https:\/\/energylandia.pl\/cs\/\"},{\"@type\":\"ListItem\",\"position\":2,\"name\":\"Cen\u00edk\",\"item\":\"https:\/\/energylandia.pl\/cs\/cenik\/\"},{\"@type\":\"ListItem\",\"position\":3,\"name\":\"Narozeniny\"}]},{\"@type\":\"WebSite\",\"@id\":\"https:\/\/energylandia.pl\/#website\",\"url\":\"https:\/\/energylandia.pl\/\",\"name\":\"ENERGYLANDIA - Rodzinny Park Rozrywki w Zatorze\",\"description\":\"ENERGYLANDIA - najwi\u0119kszy rodzinny Park Rozrywki w Polsce!\",\"publisher\":{\"@id\":\"https:\/\/energylandia.pl\/#organization\"},\"potentialAction\":[{\"@type\":\"SearchAction\",\"target\":{\"@type\":\"EntryPoint\",\"urlTemplate\":\"https:\/\/energylandia.pl\/?s={search_term_string}\"},\"query-input\":\"required name=search_term_string\"}],\"inLanguage\":\"cs\"},{\"@type\":\"Organization\",\"@id\":\"https:\/\/energylandia.pl\/#organization\",\"name\":\"Energylandia\",\"url\":\"https:\/\/energylandia.pl\/\",\"logo\":{\"@type\":\"ImageObject\",\"inLanguage\":\"cs\",\"@id\":\"https:\/\/energylandia.pl\/#\/schema\/logo\/image\/\",\"url\":\"\",\"contentUrl\":\"\",\"caption\":\"Energylandia\"},\"image\":{\"@id\":\"https:\/\/energylandia.pl\/#\/schema\/logo\/image\/\"},\"sameAs\":[\"https:\/\/www.facebook.com\/EnergyLandia\",\"https:\/\/www.youtube.com\/channel\/UCPj-Bs4Pfub_Bm04BOfyDoA\",\"https:\/\/vm.tiktok.com\/Tw7YAK\/\"]}]}<\/script>\n<!-- \/ Yoast SEO plugin. -->","yoast_head_json":{"title":"Narozeniny - ENERGYLANDIA - Rodzinny Park Rozrywki w Zatorze","robots":{"index":"index","follow":"follow","max-snippet":"max-snippet:-1","max-image-preview":"max-image-preview:large","max-video-preview":"max-video-preview:-1"},"og_locale":"cs_CZ","og_type":"article","og_title":"Narozeniny - ENERGYLANDIA - Rodzinny Park Rozrywki w Zatorze","og_url":"https:\/\/energylandia.pl\/cs\/cenik\/narozeniny\/","og_site_name":"ENERGYLANDIA - Rodzinny Park Rozrywki w Zatorze","article_publisher":"https:\/\/www.facebook.com\/EnergyLandia","article_modified_time":"2026-03-05T08:22:23+00:00","twitter_card":"summary_large_image","twitter_misc":{"Odhadovan\u00e1 doba \u010dten\u00ed":"1 minuta"},"schema":{"@context":"https:\/\/schema.org","@graph":[{"@type":"WebPage","@id":"https:\/\/energylandia.pl\/cs\/cenik\/narozeniny\/","url":"https:\/\/energylandia.pl\/cs\/cenik\/narozeniny\/","name":"Narozeniny - ENERGYLANDIA - Rodzinny Park Rozrywki w Zatorze","isPartOf":{"@id":"https:\/\/energylandia.pl\/#website"},"datePublished":"2022-04-13T16:03:44+00:00","dateModified":"2026-03-05T08:22:23+00:00","breadcrumb":{"@id":"https:\/\/energylandia.pl\/cs\/cenik\/narozeniny\/#breadcrumb"},"inLanguage":"cs","potentialAction":[{"@type":"ReadAction","target":["https:\/\/energylandia.pl\/cs\/cenik\/narozeniny\/"]}]},{"@type":"BreadcrumbList","@id":"https:\/\/energylandia.pl\/cs\/cenik\/narozeniny\/#breadcrumb","itemListElement":[{"@type":"ListItem","position":1,"name":"Strona g\u0142\u00f3wna","item":"https:\/\/energylandia.pl\/cs\/"},{"@type":"ListItem","position":2,"name":"Cen\u00edk","item":"https:\/\/energylandia.pl\/cs\/cenik\/"},{"@type":"ListItem","position":3,"name":"Narozeniny"}]},{"@type":"WebSite","@id":"https:\/\/energylandia.pl\/#website","url":"https:\/\/energylandia.pl\/","name":"ENERGYLANDIA - Rodzinny Park Rozrywki w Zatorze","description":"ENERGYLANDIA - najwi\u0119kszy rodzinny Park Rozrywki w Polsce!","publisher":{"@id":"https:\/\/energylandia.pl\/#organization"},"potentialAction":[{"@type":"SearchAction","target":{"@type":"EntryPoint","urlTemplate":"https:\/\/energylandia.pl\/?s={search_term_string}"},"query-input":"required name=search_term_string"}],"inLanguage":"cs"},{"@type":"Organization","@id":"https:\/\/energylandia.pl\/#organization","name":"Energylandia","url":"https:\/\/energylandia.pl\/","logo":{"@type":"ImageObject","inLanguage":"cs","@id":"https:\/\/energylandia.pl\/#\/schema\/logo\/image\/","url":"","contentUrl":"","caption":"Energylandia"},"image":{"@id":"https:\/\/energylandia.pl\/#\/schema\/logo\/image\/"},"sameAs":["https:\/\/www.facebook.com\/EnergyLandia","https:\/\/www.youtube.com\/channel\/UCPj-Bs4Pfub_Bm04BOfyDoA","https:\/\/vm.tiktok.com\/Tw7YAK\/"]}]}},"_links":{"self":[{"href":"https:\/\/energylandia.pl\/cs\/wp-json\/wp\/v2\/pages\/125523","targetHints":{"allow":["GET"]}}],"collection":[{"href":"https:\/\/energylandia.pl\/cs\/wp-json\/wp\/v2\/pages"}],"about":[{"href":"https:\/\/energylandia.pl\/cs\/wp-json\/wp\/v2\/types\/page"}],"author":[{"embeddable":true,"href":"https:\/\/energylandia.pl\/cs\/wp-json\/wp\/v2\/users\/28"}],"replies":[{"embeddable":true,"href":"https:\/\/energylandia.pl\/cs\/wp-json\/wp\/v2\/comments?post=125523"}],"version-history":[{"count":1,"href":"https:\/\/energylandia.pl\/cs\/wp-json\/wp\/v2\/pages\/125523\/revisions"}],"predecessor-version":[{"id":157387,"href":"https:\/\/energylandia.pl\/cs\/wp-json\/wp\/v2\/pages\/125523\/revisions\/157387"}],"up":[{"embeddable":true,"href":"https:\/\/energylandia.pl\/cs\/wp-json\/wp\/v2\/pages\/13791"}],"wp:attachment":[{"href":"https:\/\/energylandia.pl\/cs\/wp-json\/wp\/v2\/media?parent=125523"}],"curies":[{"name":"wp","href":"https:\/\/api.w.org\/{rel}","templated":true}]}}