{"id":120442,"date":"2022-08-22T08:58:28","date_gmt":"2022-08-22T06:58:28","guid":{"rendered":"https:\/\/energylandia.pl\/?page_id=120442"},"modified":"2022-08-22T09:17:10","modified_gmt":"2022-08-22T07:17:10","slug":"kariera","status":"publish","type":"page","link":"https:\/\/energylandia.pl\/cs\/kariera\/","title":{"rendered":"Kari\u00e9ra"},"content":{"rendered":"<p><img decoding=\"async\" class=\"alignnone wp-image-119390 size-full\" src=\"https:\/\/n.energylandia.pl\/wp-content\/uploads\/2022\/02\/praca_1200x628-1.jpg\" alt=\"\" width=\"1200\" height=\"628\" srcset=\"https:\/\/energylandia.pl\/wp-content\/uploads\/2022\/02\/praca_1200x628-1.jpg 1200w, https:\/\/energylandia.pl\/wp-content\/uploads\/2022\/02\/praca_1200x628-1-900x471.jpg 900w\" sizes=\"(max-width: 1200px) 100vw, 1200px\" \/><\/p>\n<p>Z\u00e1bavn\u00fd park Park Rozrywki Energylandia v Zatoru je nejv\u011bt\u0161\u00ed objekt tohoto typu v na\u0161i zemi. Na rozloze okolo 70 hektar\u016f je v\u00edce ne\u017e 123 atrakc\u00ed.<\/p>\n<p><strong>V souvislosti s neust\u00e1l\u00fdm rozvojem hled\u00e1me uchaze\u010de na m\u00edsta:<\/strong><\/p>\n<ul>\n<li>oper\u00e1tor\u016f atrakc\u00ed a za\u0159\u00edzen\u00ed<\/li>\n<li>pokladn\u00ed<\/li>\n<li>\u0161\u00e9fy kuchyn\u011b<\/li>\n<li>kucha\u0159e<\/li>\n<li>pomocn\u00edk\u016f kuchy\u0148sk\u00fdch<\/li>\n<li>cukr\u00e1\u0159e<\/li>\n<li>peka\u0159e<\/li>\n<li>\u00faklidov\u00e9 slu\u017eby<\/li>\n<li>zahradn\u00edky<\/li>\n<li>pracovn\u00edky obsluhy turistick\u00e9ho ruchu<\/li>\n<li>pracovn\u00edky obsluhuj\u00edc\u00ed info linku<\/li>\n<li>vodn\u00ed z\u00e1chran\u00e1\u0159e<\/li>\n<li>elektrik\u00e1\u0159e<\/li>\n<li>mechaniky<\/li>\n<li>anim\u00e1tory<\/li>\n<li>konferenci\u00e9ry<\/li>\n<li>socha\u0159e<\/li>\n<li>pracovn\u00edky pro v\u00fdrobu dekorac\u00ed<\/li>\n<li>pracovn\u00edky ostrahy<\/li>\n<li>um\u011blce skladn\u00edky<\/li>\n<li>logistiky<\/li>\n<\/ul>\n<p><strong>Co nab\u00edz\u00edme?<\/strong><\/p>\n<ul>\n<li>Pr\u00e1ci v modern\u00ed firm\u011b<\/li>\n<li>Mo\u017enost dal\u0161\u00edho rozvoje<\/li>\n<li>Atraktivn\u00ed hodinovou sazbu<\/li>\n<li>Bezplatn\u00e9 vstupenky do parku<\/li>\n<\/ul>\n<p><strong>Co o\u010dek\u00e1v\u00e1me?<\/strong><\/p>\n<ul>\n<li>Solidnost a poctivost<\/li>\n<li>Motivaci pro pr\u00e1ci<\/li>\n<li>Komunikativnost a entuziasmus v kontaktech<\/li>\n<\/ul>\n<p><strong>CV s fotografii pros\u00edme zaslat na adresu\u00a0praca@energylandia.plv\u00a0titulu mailu uv\u00e9st profesi, pomoc\u00ed p\u0159ihla\u0161ovac\u00edho formul\u00e1\u0159e (dole na stran\u011b) nebo p\u0159in\u00e9st osobn\u011b do kancel\u00e1\u0159e \/biuro\/ Parku Energylandia, al. 3 maja 2, 32-640 Zator +48\u00a0605\u00a0572\u00a0228<\/strong><br \/>\nFirma si vyhrazuje pr\u00e1vo kontaktovat jedin\u011b vybran\u00e9 osoby.<\/p>\n<hr \/>\n<p>V aplikaci pros\u00edme p\u0159ipojit dolo\u017eku:<br \/>\nNa z\u00e1klad\u011b p\u0159edpis\u016f v\u0161eobecn\u00e9ho na\u0159\u00edzen\u00ed o ochran\u011b \u00fadaj\u016f (na\u0159\u00edzen\u00ed Evropsk\u00e9ho parlamentu a Rady (EU) 2016\/679 z 27.04.2016 d\u00e1le \u201eGDPR\u201d) prohla\u0161uji , \u017ee souhlas\u00edm se \u00a0zpracov\u00e1n\u00edm Administr\u00e1torem \u2013 Energylandia Gocza\u0142 Family sp. k. [spol. s r.o. Spol. k.] se s\u00eddlem v: Zatorze (d\u00e1le: \u201eEnergylandia\u201d) m\u00fdch osobn\u00edch \u00fadaj\u016f \u2013 v\u016f\u010di kter\u00fdm se vy\u017eaduje souhlas, v\u010detn\u011b v\u00fdrazn\u00e9, podle pr\u00e1vn\u00edch p\u0159edpis\u016f na z\u00e1klad\u011b \u010dl. 6 odst. 1 p\u00edsm. a. nebo \u010dl. 9 odst. 2 p\u00edsm. a. GDPR, kter\u00e9 jsem dobrovoln\u011b uvedl \/a \u2013 obsa\u017een\u00fdch v aplika\u010dn\u00ed p\u0159ihl\u00e1\u0161ce (v\u010detn\u011b CV) za \u00fa\u010delem proveden\u00ed n\u00e1borov\u00e9 procedury firmou Energylandia<br \/>\n1. Na pracovn\u00ed m\u00edsto __________________________________________________________<br \/>\n(Pros\u00edme uv\u00e9st pracovn\u00ed m\u00edsto)<br \/>\n1. pro pot\u0159eby\u00a0(pros\u00edme uv\u00e9st p\u0159\u00edslu\u0161n\u00e9):<br \/>\n&#8211; aktu\u00e1ln\u00edho n\u00e1boru;<br \/>\n\u2013 aktu\u00e1ln\u00edho a budouc\u00edho n\u00e1boru; v obdob\u00ed do konce tohoto kalend\u00e1\u0159n\u00edho roku.<\/p>\n<hr \/>\n<p>Informujeme, \u017ee v souladu s \u010dl. 13 v\u0161eobecn\u00e9ho na\u0159\u00edzen\u00ed o ochran\u011b \u00fadaj\u016f (na\u0159\u00edzen\u00ed Evropsk\u00e9ho parlamentu a Rady (EU) 2016\/679 z 27.04.2016, d\u00e1le zvan\u00e9: \u201eGDPR\u201d), pokud budete nahl\u00e1\u0161en\/a jako uchaze\u010d\/uchaze\u010dka o pr\u00e1ci:<br \/>\n1. Administr\u00e1torem va\u0161ich osobn\u00edch \u00fadaj\u016f je majitel Z\u00e1bavn\u00e9ho rodinn\u00e9ho parku \/Rodzinny Park Rozrywki\/ Energylandia v: Zator a internetov\u00e9ho servisu v dom\u00e9n\u011b www.energylandia.pl \u2013 Energylandia Gocza\u0142 Family sp. k. [spol. s r.o., k.spol.] se s\u00eddlem v: Al. 3 maja 2, 32-640 Zator, celost\u00e1tn\u00ed soudn\u00ed registr \/KRS: 0000605098 DI\u010c\/ NIP\/: 5511735768 e-mail: info@energylandia.pl, tel.: +483348615 (zvan\u00fd d\u00e1le: \u201eZ\u00e1bavn\u00fd park\/Park Rozrywki\u201d).<br \/>\nAdministr\u00e1tor informuje, \u017ee jmenoval Inspektora pro ochranu \u00fadaj\u016f; je mo\u017en\u00e9 ho kontaktovat na adrese email:\u00a0iod@energylandia.pl\u00a0nebo na koresponden\u010dn\u00ed adrese Inspektora ochrany \u00fadaj\u016f: ENERGYLANDIA\u00a0al. P\u0142k. Beliny-Pra\u017cmowskiego 69\/4, 31-514 Krak\u00f3w.<br \/>\n2. Zpracov\u00e1n\u00ed va\u0161ich \u00fadaj\u016f se uskute\u010dn\u00ed za \u00fa\u010delem proveden\u00ed n\u00e1boru (projedn\u00e1n\u00ed kandidatury a proveden\u00ed procesu zam\u011bstn\u00e1n\u00ed) na shora uveden\u00e9 pracovn\u00ed za\u0159azen\u00ed, i v p\u0159\u00edpad\u011b, \u017ee aplikujete na v\u00edce ne\u017e jedno pracovn\u00ed m\u00edsto). Z\u00e1kladem pro zpracov\u00e1n\u00ed \u00fadaj\u016f je: v p\u0159\u00edpad\u011b uch\u00e1zen\u00ed se o pracovn\u00ed smlouvu \u010dl.\/art. 6 ods.\/ust. 1 p\u00edsm.\/lit. c GDPR v souvislosti s \u010dl.\/art. 22(1) \u00a7 1 a \u00a73 Z\u00e1kon\u00edku pr\u00e1ce\/ Kodeks pracy, a \u2013 jsou zpracov\u00e1v\u00e1ny \u00fadaje jin\u00e9 ne\u017e uveden\u00e9 v \u010dl.\/ art. 22(1) \u00a7 1 Z\u00e1kon\u00edku pr\u00e1ce\/Kodeks pracy \u2013 \u010dl.\/art. 6 odst.\/ust. 1 p\u00edsm.\/lit. a. GDPR\/RODO nebo \u010dl.\/art. 9 odst.\/ust. 2 p\u00edsm.\/lit. a. GDPR\/RODO \u2013 na z\u00e1klad\u011b souhlasu kandid\u00e1ta, uveden\u00e9 v t\u011bch p\u0159edpisech GDPR\/ RODO; v p\u0159\u00edpad\u011b uch\u00e1zen\u00ed se o dohodu o proveden\u00ed pr\u00e1ce: \u010dl.\/art. 6 odst.\/ust. 1 p\u00edsm.\/ lit. b GDPR\/RODO v rozsahu \u00fadaj\u016f nezbytn\u00fdch pro p\u0159edsevzet\u00ed \u00fakon\u016f spojen\u00fdch s proveden\u00edm n\u00e1boru; a nad tento rozsah na z\u00e1klad\u011b souhlasu kandid\u00e1ta, uveden\u00e9ho v \u010dl.\/ art. 6 odst.\/ust. 1 p\u00edsm.\/lit. a. GDPR\/RODO nebo \u010dl.\/ art. 9 odst.\/ust. 2 p\u00edsm.\/lit. a. GDPR\/RODO. Krom\u011b toho, v obou p\u0159\u00edpadech, za \u00fa\u010delem ov\u011b\u0159en\u00ed profilu kandid\u00e1ta na soci\u00e1ln\u00edch port\u00e1lech a ve\u0159ejn\u011b dostupn\u00fdch rejst\u0159\u00edc\u00edch na z\u00e1klad\u011b \u010dl.\/ art. 6 odst.\/ust. 1 p\u00edsm.\/lit. f. GDPR\/RODO. \u00dadaje v aplika\u010dn\u00ed p\u0159ihl\u00e1\u0161en\u00ed mohou b\u00fdt rovn\u011b\u017e zpracov\u00e1ny v od\u016fvodn\u011bn\u00e9m z\u00e1jmu Administr\u00e1tora, jen v nezbytn\u00e9m rozsahu, za \u00fa\u010delem ur\u010den\u00ed \/ vym\u00e1h\u00e1n\u00ed pr\u00e1v nebo obhajoby v\u016f\u010di n\u00e1rok\u016fm spojen\u00fdm s p\u0159edm\u011btnou procedurou n\u00e1boru na z\u00e1klad\u011b \u010dl.\/art. 6 odst.\/ust. 1 p\u00edsm-\/lit. f. GDPR\/RODO.<br \/>\n3. \u00dadaje kandid\u00e1ta budou uchov\u00e1v\u00e1ny do t\u0159iceti dn\u00ed po proveden\u00ed n\u00e1boru na pracovn\u00ed m\u00edsto, pro kter\u00e9 byla pod\u00e1na aplikace kandid\u00e1ta, leda, \u017ee kandid\u00e1t souhlas\u00ed s vyu\u017eit\u00edm \u00fadaj\u016f v dal\u0161\u00edch n\u00e1borech (na pracovn\u00ed m\u00edsto uveden\u00e9 v aplikaci); v tom p\u0159\u00edpad\u011b budou \u00fadaje uchov\u00e1v\u00e1ny do t\u0159iceti dn\u00ed po ukon\u010den\u00ed kalend\u00e1\u0159n\u00edho roku, ve kter\u00e9m kandid\u00e1t podal aplikaci pro pr\u00e1ci \u2013 co\u017e neomezuje opr\u00e1vn\u011bn\u00ed kandid\u00e1ta, uveden\u00e9 v bodu n\u00ed\u017ee.<br \/>\n4. M\u00e1te pr\u00e1vo \u017e\u00e1dat od Administr\u00e1tora p\u0159\u00edstup ke sv\u00fdm \u00fadaj\u016fm osobn\u00edm, jejich opravu, odstran\u011bn\u00ed nebo omezen\u00ed zpracov\u00e1n\u00ed nebo pr\u00e1vo na pod\u00e1n\u00ed odporu v\u016f\u010di zpracov\u00e1n\u00ed, a tak\u00e9 pr\u00e1vo na p\u0159enos \u00fadaj\u016f, a pr\u00e1vo pod\u00e1n\u00ed st\u00ed\u017enosti k dozorn\u00e9mu org\u00e1nu \u2013 p\u0159edseda \u00da\u0159adu ochrany osobn\u00edch \u00fadaj\u016f \/Prezes Urz\u0119du Ochrony Danych Osobowych\/.<br \/>\n5. V p\u0159\u00edpad\u011b, kdy zpracov\u00e1n\u00ed prob\u00edh\u00e1 na z\u00e1klad\u011b \u010dl.-\/ art. 6 odst.\/ust. 1 p\u00edsm.\/lit. a. nebo \u010dl.\/ art. 9 odst.\/ust. 2 p\u00edsm\/lit. a. GDPR \/RODO \u2013 m\u00e1te pr\u00e1vo vz\u00edt souhlas zp\u011bt v libovoln\u00e9m momentu bez vlivu na shodnost s pr\u00e1vem zpracov\u00e1n\u00ed, kter\u00e9 bylo provedeno na z\u00e1klad\u011b souhlasu p\u0159ed jeho vzet\u00edm zp\u011bt.<br \/>\n6. Uveden\u00ed osobn\u00edch \u00fadaj\u016f v CV (eventu\u00e1ln\u011b v motiva\u010dn\u00edm dopisu) je dobrovoln\u00e9, a\u010dkoli nutn\u00e9 pro proveden\u00ed procesu n\u00e1boru, s t\u00edm, \u017ee podle \u010dl. \/ art. 22(1) \u00a7 1 Z\u00e1kon\u00edku pr\u00e1ce\/Kodeks pracy Administr\u00e1tor \u2013 v p\u0159\u00edpad\u011b kandid\u00e1ta uch\u00e1zej\u00edc\u00edho se o zam\u011bstn\u00e1n\u00ed na z\u00e1klad\u011b pracovn\u00ed smlouvy \u2013 m\u00e1 pr\u00e1vo \u017e\u00e1dat od kandid\u00e1ta, aby uvedl \u00fadaje v rozsahu: jm\u00e9na (jmen) a p\u0159\u00edjmen\u00ed; jmen rodi\u010d\u016f; data narozen\u00ed; m\u00edsta bydli\u0161t\u011b (adresy pro korespondenci); vzd\u011bl\u00e1n\u00ed a pr\u016fb\u011bhu dosavadn\u00edho zam\u011bstn\u00e1n\u00ed. Neuveden\u00ed \u00fadaj\u016f nezbytn\u00fdch pro proveden\u00ed procesu n\u00e1boru m\u016f\u017ee zp\u016fsobit, \u017ee dan\u00e1 aplikace o pr\u00e1ci nebude projedn\u00e1na, a \u00fadaje odstran\u011bn\u00e9 v souladu se z\u00e1sadami GDPR-RODO a shora uveden\u00fdmi body.<br \/>\n7. Administr\u00e1tor nerozhoduje automatizovan\u00fdm zp\u016fsobem.<\/p>\n","protected":false},"excerpt":{"rendered":"<p>Z\u00e1bavn\u00fd park Park Rozrywki Energylandia v Zatoru je nejv\u011bt\u0161\u00ed objekt tohoto typu v na\u0161i zemi. Na rozloze okolo 70 hektar\u016f je v\u00edce ne\u017e 123 atrakc\u00ed. V souvislosti s neust\u00e1l\u00fdm rozvojem hled\u00e1me uchaze\u010de na m\u00edsta: oper\u00e1tor\u016f atrakc\u00ed a za\u0159\u00edzen\u00ed pokladn\u00ed \u0161\u00e9fy kuchyn\u011b kucha\u0159e pomocn\u00edk\u016f kuchy\u0148sk\u00fdch cukr\u00e1\u0159e peka\u0159e \u00faklidov\u00e9 slu\u017eby zahradn\u00edky pracovn\u00edky obsluhy turistick\u00e9ho ruchu pracovn\u00edky obsluhuj\u00edc\u00ed [&hellip;]<\/p>\n","protected":false},"author":28,"featured_media":0,"parent":0,"menu_order":249,"comment_status":"closed","ping_status":"closed","template":"templates\/page8.php","meta":{"footnotes":""},"class_list":["post-120442","page","type-page","status-publish","hentry"],"acf":[],"yoast_head":"<!-- This site is optimized with the Yoast SEO plugin v20.9 - https:\/\/yoast.com\/wordpress\/plugins\/seo\/ -->\n<title>Kari\u00e9ra - ENERGYLANDIA - Rodzinny Park Rozrywki w Zatorze<\/title>\n<meta name=\"description\" content=\"Na stronie Energylandia oferty pracy znajd\u0105 Pa\u0144stwo ciekawe propozycje pracy. Zatrudnienie w Parku Rozrywki to doskona\u0142y pomys\u0142 na dodatkowe zarobki oraz idealna praca na wakacje.\" \/>\n<meta name=\"robots\" content=\"index, follow, max-snippet:-1, max-image-preview:large, max-video-preview:-1\" \/>\n<meta property=\"og:locale\" content=\"cs_CZ\" \/>\n<meta property=\"og:type\" content=\"article\" \/>\n<meta property=\"og:title\" content=\"Kari\u00e9ra - ENERGYLANDIA - Rodzinny Park Rozrywki w Zatorze\" \/>\n<meta property=\"og:description\" content=\"Na stronie Energylandia oferty pracy znajd\u0105 Pa\u0144stwo ciekawe propozycje pracy. Zatrudnienie w Parku Rozrywki to doskona\u0142y pomys\u0142 na dodatkowe zarobki oraz idealna praca na wakacje.\" \/>\n<meta property=\"og:url\" content=\"https:\/\/energylandia.pl\/cs\/kariera\/\" \/>\n<meta property=\"og:site_name\" content=\"ENERGYLANDIA - Rodzinny Park Rozrywki w Zatorze\" \/>\n<meta property=\"article:publisher\" content=\"https:\/\/www.facebook.com\/EnergyLandia\" \/>\n<meta property=\"article:modified_time\" content=\"2022-08-22T07:17:10+00:00\" \/>\n<meta property=\"og:image\" content=\"https:\/\/n.energylandia.pl\/wp-content\/uploads\/2022\/02\/praca_1200x628-1.jpg\" \/>\n<meta name=\"twitter:card\" content=\"summary_large_image\" \/>\n<meta name=\"twitter:label1\" content=\"Odhadovan\u00e1 doba \u010dten\u00ed\" \/>\n\t<meta name=\"twitter:data1\" content=\"6 minut\" \/>\n<script type=\"application\/ld+json\" class=\"yoast-schema-graph\">{\"@context\":\"https:\/\/schema.org\",\"@graph\":[{\"@type\":\"WebPage\",\"@id\":\"https:\/\/energylandia.pl\/cs\/kariera\/\",\"url\":\"https:\/\/energylandia.pl\/cs\/kariera\/\",\"name\":\"Kari\u00e9ra - ENERGYLANDIA - Rodzinny Park Rozrywki w Zatorze\",\"isPartOf\":{\"@id\":\"https:\/\/energylandia.pl\/#website\"},\"datePublished\":\"2022-08-22T06:58:28+00:00\",\"dateModified\":\"2022-08-22T07:17:10+00:00\",\"description\":\"Na stronie Energylandia oferty pracy znajd\u0105 Pa\u0144stwo ciekawe propozycje pracy. Zatrudnienie w Parku Rozrywki to doskona\u0142y pomys\u0142 na dodatkowe zarobki oraz idealna praca na wakacje.\",\"breadcrumb\":{\"@id\":\"https:\/\/energylandia.pl\/cs\/kariera\/#breadcrumb\"},\"inLanguage\":\"cs\",\"potentialAction\":[{\"@type\":\"ReadAction\",\"target\":[\"https:\/\/energylandia.pl\/cs\/kariera\/\"]}]},{\"@type\":\"BreadcrumbList\",\"@id\":\"https:\/\/energylandia.pl\/cs\/kariera\/#breadcrumb\",\"itemListElement\":[{\"@type\":\"ListItem\",\"position\":1,\"name\":\"Strona g\u0142\u00f3wna\",\"item\":\"https:\/\/energylandia.pl\/cs\/\"},{\"@type\":\"ListItem\",\"position\":2,\"name\":\"Kari\u00e9ra\"}]},{\"@type\":\"WebSite\",\"@id\":\"https:\/\/energylandia.pl\/#website\",\"url\":\"https:\/\/energylandia.pl\/\",\"name\":\"ENERGYLANDIA - Rodzinny Park Rozrywki w Zatorze\",\"description\":\"ENERGYLANDIA - najwi\u0119kszy rodzinny Park Rozrywki w Polsce!\",\"publisher\":{\"@id\":\"https:\/\/energylandia.pl\/#organization\"},\"potentialAction\":[{\"@type\":\"SearchAction\",\"target\":{\"@type\":\"EntryPoint\",\"urlTemplate\":\"https:\/\/energylandia.pl\/?s={search_term_string}\"},\"query-input\":\"required name=search_term_string\"}],\"inLanguage\":\"cs\"},{\"@type\":\"Organization\",\"@id\":\"https:\/\/energylandia.pl\/#organization\",\"name\":\"Energylandia\",\"url\":\"https:\/\/energylandia.pl\/\",\"logo\":{\"@type\":\"ImageObject\",\"inLanguage\":\"cs\",\"@id\":\"https:\/\/energylandia.pl\/#\/schema\/logo\/image\/\",\"url\":\"\",\"contentUrl\":\"\",\"caption\":\"Energylandia\"},\"image\":{\"@id\":\"https:\/\/energylandia.pl\/#\/schema\/logo\/image\/\"},\"sameAs\":[\"https:\/\/www.facebook.com\/EnergyLandia\",\"https:\/\/www.youtube.com\/channel\/UCPj-Bs4Pfub_Bm04BOfyDoA\",\"https:\/\/vm.tiktok.com\/Tw7YAK\/\"]}]}<\/script>\n<!-- \/ Yoast SEO plugin. -->","yoast_head_json":{"title":"Kari\u00e9ra - ENERGYLANDIA - Rodzinny Park Rozrywki w Zatorze","description":"Na stronie Energylandia oferty pracy znajd\u0105 Pa\u0144stwo ciekawe propozycje pracy. Zatrudnienie w Parku Rozrywki to doskona\u0142y pomys\u0142 na dodatkowe zarobki oraz idealna praca na wakacje.","robots":{"index":"index","follow":"follow","max-snippet":"max-snippet:-1","max-image-preview":"max-image-preview:large","max-video-preview":"max-video-preview:-1"},"og_locale":"cs_CZ","og_type":"article","og_title":"Kari\u00e9ra - ENERGYLANDIA - Rodzinny Park Rozrywki w Zatorze","og_description":"Na stronie Energylandia oferty pracy znajd\u0105 Pa\u0144stwo ciekawe propozycje pracy. Zatrudnienie w Parku Rozrywki to doskona\u0142y pomys\u0142 na dodatkowe zarobki oraz idealna praca na wakacje.","og_url":"https:\/\/energylandia.pl\/cs\/kariera\/","og_site_name":"ENERGYLANDIA - Rodzinny Park Rozrywki w Zatorze","article_publisher":"https:\/\/www.facebook.com\/EnergyLandia","article_modified_time":"2022-08-22T07:17:10+00:00","og_image":[{"url":"https:\/\/n.energylandia.pl\/wp-content\/uploads\/2022\/02\/praca_1200x628-1.jpg"}],"twitter_card":"summary_large_image","twitter_misc":{"Odhadovan\u00e1 doba \u010dten\u00ed":"6 minut"},"schema":{"@context":"https:\/\/schema.org","@graph":[{"@type":"WebPage","@id":"https:\/\/energylandia.pl\/cs\/kariera\/","url":"https:\/\/energylandia.pl\/cs\/kariera\/","name":"Kari\u00e9ra - ENERGYLANDIA - Rodzinny Park Rozrywki w Zatorze","isPartOf":{"@id":"https:\/\/energylandia.pl\/#website"},"datePublished":"2022-08-22T06:58:28+00:00","dateModified":"2022-08-22T07:17:10+00:00","description":"Na stronie Energylandia oferty pracy znajd\u0105 Pa\u0144stwo ciekawe propozycje pracy. Zatrudnienie w Parku Rozrywki to doskona\u0142y pomys\u0142 na dodatkowe zarobki oraz idealna praca na wakacje.","breadcrumb":{"@id":"https:\/\/energylandia.pl\/cs\/kariera\/#breadcrumb"},"inLanguage":"cs","potentialAction":[{"@type":"ReadAction","target":["https:\/\/energylandia.pl\/cs\/kariera\/"]}]},{"@type":"BreadcrumbList","@id":"https:\/\/energylandia.pl\/cs\/kariera\/#breadcrumb","itemListElement":[{"@type":"ListItem","position":1,"name":"Strona g\u0142\u00f3wna","item":"https:\/\/energylandia.pl\/cs\/"},{"@type":"ListItem","position":2,"name":"Kari\u00e9ra"}]},{"@type":"WebSite","@id":"https:\/\/energylandia.pl\/#website","url":"https:\/\/energylandia.pl\/","name":"ENERGYLANDIA - Rodzinny Park Rozrywki w Zatorze","description":"ENERGYLANDIA - najwi\u0119kszy rodzinny Park Rozrywki w Polsce!","publisher":{"@id":"https:\/\/energylandia.pl\/#organization"},"potentialAction":[{"@type":"SearchAction","target":{"@type":"EntryPoint","urlTemplate":"https:\/\/energylandia.pl\/?s={search_term_string}"},"query-input":"required name=search_term_string"}],"inLanguage":"cs"},{"@type":"Organization","@id":"https:\/\/energylandia.pl\/#organization","name":"Energylandia","url":"https:\/\/energylandia.pl\/","logo":{"@type":"ImageObject","inLanguage":"cs","@id":"https:\/\/energylandia.pl\/#\/schema\/logo\/image\/","url":"","contentUrl":"","caption":"Energylandia"},"image":{"@id":"https:\/\/energylandia.pl\/#\/schema\/logo\/image\/"},"sameAs":["https:\/\/www.facebook.com\/EnergyLandia","https:\/\/www.youtube.com\/channel\/UCPj-Bs4Pfub_Bm04BOfyDoA","https:\/\/vm.tiktok.com\/Tw7YAK\/"]}]}},"_links":{"self":[{"href":"https:\/\/energylandia.pl\/cs\/wp-json\/wp\/v2\/pages\/120442","targetHints":{"allow":["GET"]}}],"collection":[{"href":"https:\/\/energylandia.pl\/cs\/wp-json\/wp\/v2\/pages"}],"about":[{"href":"https:\/\/energylandia.pl\/cs\/wp-json\/wp\/v2\/types\/page"}],"author":[{"embeddable":true,"href":"https:\/\/energylandia.pl\/cs\/wp-json\/wp\/v2\/users\/28"}],"replies":[{"embeddable":true,"href":"https:\/\/energylandia.pl\/cs\/wp-json\/wp\/v2\/comments?post=120442"}],"version-history":[{"count":0,"href":"https:\/\/energylandia.pl\/cs\/wp-json\/wp\/v2\/pages\/120442\/revisions"}],"wp:attachment":[{"href":"https:\/\/energylandia.pl\/cs\/wp-json\/wp\/v2\/media?parent=120442"}],"curies":[{"name":"wp","href":"https:\/\/api.w.org\/{rel}","templated":true}]}}